{"id":816,"date":"2015-06-09T11:55:32","date_gmt":"2015-06-09T09:55:32","guid":{"rendered":"http:\/\/www.miles-around.de\/?page_id=816"},"modified":"2025-02-21T19:21:46","modified_gmt":"2025-02-21T18:21:46","slug":"cooperation","status":"publish","type":"page","link":"https:\/\/www.miles-around.de\/fr\/kooperation\/","title":{"rendered":"Coop\u00e9ration"},"content":{"rendered":"<p><strong>Bienvenue sur miles-around.de,<br><\/strong>Le blog allemand de r\u00e9cits de voyage \u2013 comptes rendus d&#039;excursions \u2013 avis d&#039;h\u00f4tels. Nous souhaitons partager avec nos lecteurs des voyages et des excursions accessibles m\u00eame avec un emploi \u00e0 temps plein. Nous nous effor\u00e7ons de couvrir un large \u00e9ventail de destinations \u00e0 travers le monde et de vous inspirer pour des voyages inoubliables. Vous trouverez une pr\u00e9sentation ainsi que des informations d\u00e9taill\u00e9es sur nos utilisateurs et nos modalit\u00e9s d&#039;acc\u00e8s dans notre dossier de presse, que nous serons ravis de vous envoyer. <a href=\"mailto:christian@miles-around.de\">Enqu\u00eate<\/a> Envoyez-le.<\/p>\n\n\n\n<h2 class=\"wp-block-heading\">Qui ou quoi est miles-around.de et quel est notre objectif ?<\/h2>\n\n\n\n<p>Le site miles-around.de a \u00e9t\u00e9 fond\u00e9 en janvier 2015 par deux passionn\u00e9s de voyages. <a href=\"https:\/\/www.miles-around.de\/fr\/author\/christin\/\">chr\u00e9tien<\/a> et <a href=\"https:\/\/www.miles-around.de\/fr\/author\/chris\/\">chr\u00e9tien<\/a> Fond\u00e9 en [ann\u00e9e manquante]. Ce blog se concentre sur des exp\u00e9riences de voyage vari\u00e9es pour les couples et les familles exigeants.,&nbsp;<a href=\"https:\/\/www.miles-around.de\/fr\/recits-de-voyage\/\">R\u00e9cits de voyage<\/a>&nbsp;Du monde de l&#039;aviation, des critiques passionnantes et luxueuses&nbsp;<a href=\"https:\/\/www.miles-around.de\/fr\/avis-dhotel\/\">Concepts h\u00f4teliers<\/a>, des escapades romantiques en ville et des conseils pour les incontournables culinaires.<\/p>\n\n\n\n<p>Notre blog de voyage, miles-around.de, rassemble des personnes r\u00e9sidant en Allemagne et qui aiment voyager comme loisir, une ou plusieurs fois par an. Notre public cible a entre 20 et 60 ans et est bien ancr\u00e9 dans la vie quotidienne. De nos jours, on utilise souvent le terme \u00ab\u00a0passionn\u00e9 de voyage\u00a0\u00bb pour le d\u00e9crire.&nbsp;<i>Flashpacker<\/i>&nbsp;Sur miles-around.de, nous ne voulons pas nous limiter au texte, mais aussi rendre nos r\u00e9cits de voyage visuellement attrayants, avec des photos et des vid\u00e9os s\u00e9duisantes.<\/p>\n\n\n\n<p>Nous sommes ouverts aux demandes de compagnies a\u00e9riennes souhaitant tester et pr\u00e9senter leurs nouveaux produits \u00e0 bord, salons ou appareils\u00a0; d\u2019h\u00f4tels ou de cha\u00eenes h\u00f4teli\u00e8res pour lesquels nous pouvons agir en tant qu\u2019ambassadeurs\u00a0; et de destinations touristiques d\u00e9sirant \u00eatre mises en avant sur notre blog. Nous appr\u00e9cions \u00e9galement les invitations \u00e0 des \u00e9v\u00e9nements, des voyages de presse ou des missions de recherche personnalis\u00e9es. Ces occasions nous offrent un cadre id\u00e9al pour r\u00e9aliser des reportages directement sur place.<\/p>\n\n\n\n<h2 class=\"wp-block-heading\">Domaine d&#039;application de la coop\u00e9ration<\/h2>\n\n\n\n<ul class=\"wp-block-list\">\n<li>De courtes pauses bienvenues dans le quotidien, par exemple des escapades citadines, avec des excursions d&#039;une journ\u00e9e et des s\u00e9jours de week-end.<\/li>\n\n\n\n<li>Voyages exclusifs \u00e0 travers le monde, des m\u00e9tropoles \u00e0 la jungle<\/li>\n\n\n\n<li>le monde color\u00e9 de l&#039;aviation<\/li>\n\n\n\n<li>Des concepts h\u00f4teliers novateurs et des h\u00e9bergements haut de gamme dans une ambiance chaleureuse, des h\u00f4tels de luxe et des prestations exceptionnelles.<\/li>\n\n\n\n<li>\u00celes paradisiaques et plages de r\u00eave<\/li>\n\n\n\n<li>Excursions \u00e0 la plage, d\u00e9couvertes de la nature et activit\u00e9s de loisirs telles que les parcs d&#039;attractions<\/li>\n\n\n\n<li>Sujets li\u00e9s au voyage tels que la planification, la photographie, les gadgets et autres conseils pratiques<\/li>\n\n\n\n<li>Voitures et voyages en voiture<\/li>\n\n\n\n<li>Gastronomie et gastronomie<\/li>\n<\/ul>\n\n\n\n<h2 class=\"wp-block-heading\">Que proposons-nous ?<\/h2>\n\n\n\n<ul class=\"wp-block-list\">\n<li><strong>Collaborations \u00e0 long terme<\/strong> par exemple, en tant qu&#039;ambassadeur de marque<\/li>\n\n\n\n<li><strong>Voyages de presse ou de blogueurs\u00a0<\/strong>avec des publications authentiques, une activit\u00e9 quotidienne sur les r\u00e9seaux sociaux et des photos<\/li>\n\n\n\n<li><strong>Coop\u00e9rations<\/strong> avec les compagnies a\u00e9riennes, les h\u00f4tels, les destinations, les voyagistes ou les agences de relations publiques<\/li>\n\n\n\n<li><strong>Tests et avis<\/strong> divers produits touristiques (h\u00f4tels, h\u00e9bergements, applications de voyage, excursions, visites, attractions, \u00e9quipements ou similaires)<\/li>\n\n\n\n<li><strong>articles de blog sponsoris\u00e9s<\/strong> avec un article sur la page principale du blog et des activit\u00e9s sur les r\u00e9seaux sociaux<\/li>\n\n\n\n<li><strong>Publicit\u00e9s<\/strong> avec un article sur la page principale du blog et des activit\u00e9s sur les r\u00e9seaux sociaux<\/li>\n\n\n\n<li><strong>Rapports de tests et tests de produits <\/strong>par exemple, dans les domaines de la photographie, de l&#039;\u00e9lectronique ou du voyage<\/li>\n\n\n\n<li><strong>Mat\u00e9riel d&#039;image <\/strong>pour votre usage (vente des droits d&#039;utilisation de l&#039;image)<\/li>\n\n\n\n<li><strong>Comp\u00e9titions<\/strong> pour commercialiser vos produits ou services via notre blog ainsi que via nos r\u00e9seaux sociaux<\/li>\n<\/ul>\n\n\n\n<h2 class=\"wp-block-heading\">Quels ont \u00e9t\u00e9 nos moments forts jusqu&#039;\u00e0 pr\u00e9sent ?<\/h2>\n\n\n\n<ul class=\"wp-block-list\">\n<li>Voyage de presse : <a href=\"https:\/\/www.miles-around.de\/fr\/destinations-touristiques\/asie\/singapour-2\/preparatifs-pour-le-premier-vol-de-lairbus-a350-vers-singapour\/\">Singapour verte<\/a><\/li>\n\n\n\n<li>Voyager, entre autres : sept semaines \u00e0 travers le pays <a href=\"https:\/\/www.miles-around.de\/fr\/reisen\/2011\/suedostasien\/\">Asie du Sud-Est<\/a>, \u00e0 plusieurs reprises aux \u00c9tats-Unis (y compris.\u00a0<a href=\"https:\/\/www.miles-around.de\/fr\/reisen\/2011\/new-york-city\/\">2011 \u2013 New York<\/a>, <a href=\"https:\/\/www.miles-around.de\/fr\/reisen\/2013\/indian-summer\/\">2013 \u2013 \u00c9t\u00e9 indien<\/a>\u00a0ou\u00a0<a href=\"https:\/\/www.miles-around.de\/fr\/reisen\/2014\/westkueste-nordamerika\/\">2014 \u2013 C\u00f4te Ouest<\/a>)<\/li>\n\n\n\n<li>H\u00f4tels, etc.\u00a0<a title=\"Avis sur l&#039;h\u00f4tel\u00a0: Le Ritz-Carlton Millenia Singapour\" data-wpel-link=\"internal\" href=\"https:\/\/www.miles-around.de\/fr\/avis-dhotel\/hotel-bewertung-ritz-carlton-millenia-singapore\/\" rel=\"bookmark\">Le Ritz-Carlton Millenia Singapour<\/a>,\u00a0<a title=\"Avis sur l&#039;h\u00f4tel\u00a0: Hilton Garden Inn Davos\" data-wpel-link=\"internal\" href=\"https:\/\/www.miles-around.de\/fr\/avis-dhotel\/hotel-bewertung-hilton-garden-inn-davos\/\" rel=\"bookmark\">Hilton Garden Inn Davos<\/a>,\u00a0<a href=\"https:\/\/www.miles-around.de\/fr\/allgemein\/hotel-review-the-peninsula-chicago\/\">La P\u00e9ninsule Chicago<\/a>,\u00a0<a href=\"http:\/\/www.miles-around.de\/fr\/avis-dhotel\/le-danna-langkawi\/\">Le Danna Langkawi<\/a>\u00a0et <a href=\"http:\/\/www.miles-around.de\/fr\/avis-dhotel\/tower-club-a-lebua\/\">Tower Club \u00e0 Lebua<\/a><\/li>\n\n\n\n<li>aviation, etc. : <a href=\"http:\/\/www.miles-around.de\/fr\/recits-de-voyage\/first-class\/lufthansa-boeing-747-400-first-class-frankfurt-nach-vancouver\/\">Premi\u00e8re classe avec Lufthansa sur le Boeing 747-400<\/a>,\u00a0<a href=\"http:\/\/www.miles-around.de\/fr\/recits-de-voyage\/first-class\/emirates-airbus-a380-800-first-class-bangkok-nach-hong-kong\/\">Premi\u00e8re classe avec Emirates Airbus A380<\/a>\u00a0et <a href=\"https:\/\/www.miles-around.de\/fr\/recits-de-voyage\/classe-affaires\/across-the-water-on-a-747-calling-america\/\">Classe affaires avec British Airways<\/a><\/li>\n<\/ul>\n\n\n\n<h2 class=\"wp-block-heading\">Miles Around dans la presse<\/h2>\n\n\n\n<p>Publications, interviews et mentions dans d&#039;autres m\u00e9dias.<\/p>\n\n\n\n<figure class=\"wp-block-table\"><table class=\"has-fixed-layout\"><tbody><tr><td><figure><img loading=\"lazy\" decoding=\"async\" class=\"aligncenter wp-image-4790 size-full\" src=\"\/\/www.miles-around.de\/wp-content\/uploads\/2015\/08\/goeuro.png\" alt=\"GoEuro\" width=\"120\" height=\"23\" title=\"\"><\/figure><\/td><td>25 conseils d&#039;initi\u00e9s en Europe\u00a0: les blogueurs de voyage d\u00e9voilent leurs adresses pr\u00e9f\u00e9r\u00e9es \u2013 Blog GoEuro DE<\/td><\/tr><tr><td><figure><img loading=\"lazy\" decoding=\"async\" class=\"aligncenter wp-image-7767\" src=\"https:\/\/www.miles-around.de\/wp-content\/uploads\/2015\/06\/eat-sleep-love-travel.png\" alt=\"Manger, dormir, aimer, voyager\" width=\"120\" height=\"17\" title=\"\"><\/figure><\/td><td><a href=\"https:\/\/eatsleeplovetravel.com\/2015\/09\/14\/guest-post-miles-around\/\" target=\"_blank\" rel=\"nofollow noopener noreferrer\">Interview r\u00e9alis\u00e9e par EatSleepLoveTravel (septembre 2015)<\/a><\/td><\/tr><\/tbody><\/table><\/figure>\n\n\n\n<h2 class=\"wp-block-heading\">Collaborations pr\u00e9c\u00e9dentes<\/h2>\n\n\n\n<figure class=\"wp-block-table\"><table class=\"has-fixed-layout\"><tbody><tr><td><figure><img loading=\"lazy\" decoding=\"async\" class=\"aligncenter wp-image-3903 size-full\" src=\"https:\/\/www.miles-around.de\/wp-content\/uploads\/2015\/06\/the-danna-langkawi-logo.jpg\" alt=\"Coop\u00e9ration avec The Danna Langkawi\" width=\"230\" height=\"165\" title=\"\"><\/figure><\/td><td><figure><img loading=\"lazy\" decoding=\"async\" class=\"aligncenter wp-image-3906 size-full\" src=\"https:\/\/www.miles-around.de\/wp-content\/uploads\/2015\/06\/grand-mercure-roxy-singapore-e1435052564661.jpg\" alt=\"Collaboration avec le Grand Mercure Roxy Singapour\" width=\"230\" height=\"177\" title=\"\"><\/figure><\/td><td><figure><img loading=\"lazy\" decoding=\"async\" class=\"aligncenter wp-image-4448 size-full\" src=\"https:\/\/www.miles-around.de\/wp-content\/uploads\/2015\/07\/regiondo.jpg\" alt=\"Coop\u00e9ration avec Regiondo\" width=\"230\" height=\"61\" title=\"\"><\/figure><\/td><td><figure><img loading=\"lazy\" decoding=\"async\" class=\"aligncenter wp-image-7107\" src=\"https:\/\/www.miles-around.de\/wp-content\/uploads\/2016\/04\/the-peninsula-chicago.jpg\" alt=\"Coop\u00e9ration avec The Peninsula Chicago\" width=\"230\" height=\"230\" title=\"\" srcset=\"https:\/\/www.miles-around.de\/wp-content\/uploads\/2016\/04\/the-peninsula-chicago.jpg 1024w, https:\/\/www.miles-around.de\/wp-content\/uploads\/2016\/04\/the-peninsula-chicago-300x300.jpg 300w, https:\/\/www.miles-around.de\/wp-content\/uploads\/2016\/04\/the-peninsula-chicago-65x65.jpg 65w, https:\/\/www.miles-around.de\/wp-content\/uploads\/2016\/04\/the-peninsula-chicago-160x160.jpg 160w, https:\/\/www.miles-around.de\/wp-content\/uploads\/2016\/04\/the-peninsula-chicago-320x320.jpg 320w\" sizes=\"auto, (max-width: 230px) 100vw, 230px\" \/><\/figure><\/td><td><figure><img loading=\"lazy\" decoding=\"async\" class=\"aligncenter wp-image-2357 size-full\" src=\"https:\/\/www.miles-around.de\/wp-content\/uploads\/2015\/04\/lufthansa.jpg\" alt=\"Lufthansa\" width=\"180\" height=\"63\" title=\"\"><\/figure><\/td><\/tr><tr><td><figure><img loading=\"lazy\" decoding=\"async\" class=\"aligncenter wp-image-9797\" src=\"https:\/\/www.miles-around.de\/wp-content\/uploads\/2016\/10\/the-ritz-carlton.png\" alt=\"Le Ritz Carlton\" width=\"230\" height=\"162\" title=\"\"><\/figure><\/td><td><figure><img loading=\"lazy\" decoding=\"async\" class=\"aligncenter wp-image-9799\" src=\"https:\/\/www.miles-around.de\/wp-content\/uploads\/2016\/10\/hilton-garden-inn-1024x400.png\" alt=\"Hilton Garden Inn\" width=\"230\" height=\"90\" title=\"\"><\/figure><\/td><td><figure><img loading=\"lazy\" decoding=\"async\" class=\"aligncenter wp-image-9801\" src=\"https:\/\/www.miles-around.de\/wp-content\/uploads\/2016\/10\/singapore-airlines-1024x374.png\" alt=\"Singapore Airlines\" width=\"230\" height=\"84\" title=\"\" srcset=\"https:\/\/www.miles-around.de\/wp-content\/uploads\/2016\/10\/singapore-airlines-1024x374.png 1024w, https:\/\/www.miles-around.de\/wp-content\/uploads\/2016\/10\/singapore-airlines.png 1280w\" sizes=\"auto, (max-width: 230px) 100vw, 230px\" \/><\/figure><\/td><td>&nbsp;<\/td><td>&nbsp;<\/td><\/tr><\/tbody><\/table><\/figure>\n\n\n\n<p>Pour toute question relative \u00e0 la publicit\u00e9, au marketing en ligne, aux droits \u00e0 l&#039;image ou aux collaborations, veuillez contacter\u00a0:&nbsp;<a href=\"mailto:christian@miles-around.de\">christian@miles-around.de<\/a><\/p>\n\n\n\n<p>Notre travail est bas\u00e9 sur <a href=\"http:\/\/www.reiseblogger-kodex.com\/reiseblogger-kodex\/\" target=\"_blank\" rel=\"nofollow noopener noreferrer\">code des blogueurs de voyage<\/a>. Toute publicit\u00e9 est clairement identifi\u00e9e comme telle. En r\u00e8gle g\u00e9n\u00e9rale, nous ne recommandons que les offres que nous avons personnellement test\u00e9es et sur lesquelles nous avons pu nous forger une opinion ind\u00e9pendante.<\/p>","protected":false},"excerpt":{"rendered":"<p>Herzlich Willkommen bei miles-around.de,Deutschlands Blog f\u00fcr Reiseberichte &#8211; Trip Reports &#8211; Hotel Reviews.&nbsp;Wir m\u00f6chten unsere Leser auf Reisen und Ausfl\u00fcge mitnehmen, die trotz Vollzeitarbeitsstelle m\u00f6glich sind. Dabei versuchen wir ein breites Spektrum an Zielen aus aller Welt abzubilden und Anregungen f\u00fcr unvergessliche Reisen zu liefern.&nbsp;Eine \u00dcbersicht und ausf\u00fchrliche Benutzer- bzw. Zugriffsdaten sind&nbsp;in unserem Mediakit zu [&hellip;]<\/p>\n","protected":false},"author":1,"featured_media":0,"parent":0,"menu_order":0,"comment_status":"open","ping_status":"open","template":"","meta":{"ocean_post_layout":"","ocean_both_sidebars_style":"","ocean_both_sidebars_content_width":0,"ocean_both_sidebars_sidebars_width":0,"ocean_sidebar":"","ocean_second_sidebar":"","ocean_disable_margins":"enable","ocean_add_body_class":"","ocean_shortcode_before_top_bar":"","ocean_shortcode_after_top_bar":"","ocean_shortcode_before_header":"","ocean_shortcode_after_header":"","ocean_has_shortcode":"","ocean_shortcode_after_title":"","ocean_shortcode_before_footer_widgets":"","ocean_shortcode_after_footer_widgets":"","ocean_shortcode_before_footer_bottom":"","ocean_shortcode_after_footer_bottom":"","ocean_display_top_bar":"default","ocean_display_header":"default","ocean_header_style":"","ocean_center_header_left_menu":"","ocean_custom_header_template":"","ocean_custom_logo":0,"ocean_custom_retina_logo":0,"ocean_custom_logo_max_width":0,"ocean_custom_logo_tablet_max_width":0,"ocean_custom_logo_mobile_max_width":0,"ocean_custom_logo_max_height":0,"ocean_custom_logo_tablet_max_height":0,"ocean_custom_logo_mobile_max_height":0,"ocean_header_custom_menu":"","ocean_menu_typo_font_family":"","ocean_menu_typo_font_subset":"","ocean_menu_typo_font_size":0,"ocean_menu_typo_font_size_tablet":0,"ocean_menu_typo_font_size_mobile":0,"ocean_menu_typo_font_size_unit":"px","ocean_menu_typo_font_weight":"","ocean_menu_typo_font_weight_tablet":"","ocean_menu_typo_font_weight_mobile":"","ocean_menu_typo_transform":"","ocean_menu_typo_transform_tablet":"","ocean_menu_typo_transform_mobile":"","ocean_menu_typo_line_height":0,"ocean_menu_typo_line_height_tablet":0,"ocean_menu_typo_line_height_mobile":0,"ocean_menu_typo_line_height_unit":"","ocean_menu_typo_spacing":0,"ocean_menu_typo_spacing_tablet":0,"ocean_menu_typo_spacing_mobile":0,"ocean_menu_typo_spacing_unit":"","ocean_menu_link_color":"","ocean_menu_link_color_hover":"","ocean_menu_link_color_active":"","ocean_menu_link_background":"","ocean_menu_link_hover_background":"","ocean_menu_link_active_background":"","ocean_menu_social_links_bg":"","ocean_menu_social_hover_links_bg":"","ocean_menu_social_links_color":"","ocean_menu_social_hover_links_color":"","ocean_disable_title":"default","ocean_disable_heading":"default","ocean_post_title":"","ocean_post_subheading":"","ocean_post_title_style":"","ocean_post_title_background_color":"","ocean_post_title_background":0,"ocean_post_title_bg_image_position":"","ocean_post_title_bg_image_attachment":"","ocean_post_title_bg_image_repeat":"","ocean_post_title_bg_image_size":"","ocean_post_title_height":0,"ocean_post_title_bg_overlay":0.5,"ocean_post_title_bg_overlay_color":"","ocean_disable_breadcrumbs":"default","ocean_breadcrumbs_color":"","ocean_breadcrumbs_separator_color":"","ocean_breadcrumbs_links_color":"","ocean_breadcrumbs_links_hover_color":"","ocean_display_footer_widgets":"default","ocean_display_footer_bottom":"default","ocean_custom_footer_template":"","jetpack_post_was_ever_published":false,"footnotes":""},"class_list":["post-816","page","type-page","status-publish","hentry","entry"],"jetpack_sharing_enabled":true,"amp_enabled":false,"_links":{"self":[{"href":"https:\/\/www.miles-around.de\/fr\/wp-json\/wp\/v2\/pages\/816","targetHints":{"allow":["GET"]}}],"collection":[{"href":"https:\/\/www.miles-around.de\/fr\/wp-json\/wp\/v2\/pages"}],"about":[{"href":"https:\/\/www.miles-around.de\/fr\/wp-json\/wp\/v2\/types\/page"}],"author":[{"embeddable":true,"href":"https:\/\/www.miles-around.de\/fr\/wp-json\/wp\/v2\/users\/1"}],"replies":[{"embeddable":true,"href":"https:\/\/www.miles-around.de\/fr\/wp-json\/wp\/v2\/comments?post=816"}],"version-history":[{"count":0,"href":"https:\/\/www.miles-around.de\/fr\/wp-json\/wp\/v2\/pages\/816\/revisions"}],"wp:attachment":[{"href":"https:\/\/www.miles-around.de\/fr\/wp-json\/wp\/v2\/media?parent=816"}],"curies":[{"name":"wp","href":"https:\/\/api.w.org\/{rel}","templated":true}]}}