{"id":5740,"date":"2015-11-24T11:49:08","date_gmt":"2015-11-24T10:49:08","guid":{"rendered":"https:\/\/www.miles-around.de\/shop\/"},"modified":"2025-07-27T19:03:01","modified_gmt":"2025-07-27T17:03:01","slug":"acheter-des-photos","status":"publish","type":"page","link":"https:\/\/www.miles-around.de\/fr\/fotos-kaufen\/","title":{"rendered":"Acheter des photos"},"content":{"rendered":"<p>La photographie est notre deuxi\u00e8me grande passion, apr\u00e8s les voyages. Si vous avez rep\u00e9r\u00e9 une belle photo dans nos r\u00e9cits de voyage, n&#039;h\u00e9sitez pas \u00e0 consulter les plateformes list\u00e9es ci-dessous. Nous y proposons nos photos \u00e0 la vente. Notre portfolio est principalement compos\u00e9 de photos de voyage, prises lors de nos s\u00e9jours aux \u00c9tats-Unis, \u00e0 Singapour et en Malaisie, ainsi que lors de nos voyages en Allemagne. Comme vous le savez sans doute, l&#039;aviation est \u00e9galement l&#039;un de nos sujets de pr\u00e9dilection. Nous vendons des photos d&#039;avions, d&#039;a\u00e9roports, de salons et m\u00eame des photos prises en premi\u00e8re classe.<\/p>\n\n\n\n<h2 class=\"wp-block-heading\">Nos photos de voyage sont disponibles sur les sites de photos libres de droits.<\/h2>\n\n\n\n<p>Nous vendons nos photos via des plateformes de photos libres de droits. Notre portfolio s&#039;enrichit constamment. Vous pouvez nous retrouver sur les plateformes suivantes\u00a0:<\/p>\n\n\n\n<figure class=\"wp-block-table\"><table><tbody><tr><td><a href=\"http:\/\/www.alamy.com\/stock-photography\/F42CFE28-ED4F-4F2C-BE58-3F1CC618F150\/Christian Heinz.html\" target=\"_blank\" rel=\"noopener nofollow\"><img loading=\"lazy\" decoding=\"async\" class=\"alignleft\" title=\"Photographies de Christian Heinz sur Alamy\" src=\"http:\/\/www.alamy.com\/images\/Logos\/alamy-LM-25.gif\" alt=\"Alamy\" width=\"65\" height=\"65\" border=\"0\"><\/a><\/td><td>Alamy<\/td><td><a href=\"http:\/\/www.alamy.com\/stock-photography\/F42CFE28-ED4F-4F2C-BE58-3F1CC618F150\/Christian Heinz.html\" target=\"_blank\" rel=\"noopener nofollow\">Portefeuille<\/a><\/td><\/tr><tr><td><a href=\"http:\/\/www.bigstockphoto.com\/de\/search\/?contributor=miles+around\" target=\"_blank\" rel=\"noopener nofollow\"><img loading=\"lazy\" decoding=\"async\" class=\"wp-image-9640 alignleft\" src=\"https:\/\/www.miles-around.de\/wp-content\/uploads\/2016\/09\/bigstock.png\" alt=\"Bigstock\" width=\"189\" height=\"65\" title=\"\"><\/a><\/td><td>Bigstock<\/td><td><a href=\"http:\/\/www.bigstockphoto.com\/de\/search\/?contributor=miles+around\" target=\"_blank\" rel=\"noopener nofollow\">Portefeuille<\/a><\/td><\/tr><tr><td><a href=\"http:\/\/depositphotos.com\/portfolio-7800958.html?ref=7800958\" target=\"_blank\" rel=\"noopener nofollow\"><img loading=\"lazy\" decoding=\"async\" class=\"alignleft wp-image-7856\" src=\"https:\/\/www.miles-around.de\/wp-content\/uploads\/2016\/06\/depositphotos.png\" alt=\"depositphotos\" width=\"234\" height=\"65\" title=\"\"><\/a><\/td><td>depositphotos<\/td><td><a href=\"http:\/\/depositphotos.com\/portfolio-7800958.html?ref=7800958\" target=\"_blank\" rel=\"noopener nofollow\">Portefeuille<\/a><\/td><\/tr><tr><td><a href=\"http:\/\/www.dreamstime.com\/Milesaround_info#res13758495\" target=\"_blank\" rel=\"noopener nofollow\"><img loading=\"lazy\" decoding=\"async\" class=\"alignleft wp-image-7853\" src=\"https:\/\/www.miles-around.de\/wp-content\/uploads\/2016\/06\/dreamstime.png\" alt=\"temps des r\u00eaves\" width=\"277\" height=\"65\" title=\"\"><\/a><\/td><td>temps des r\u00eaves<\/td><td><a href=\"http:\/\/www.dreamstime.com\/Milesaround_info#res13758495\" target=\"_blank\" rel=\"noopener nofollow\">Portefeuille<\/a><\/td><\/tr><tr><td><a href=\"https:\/\/de.fotolia.com\/p\/206209243\/partner\/206209243\" target=\"_blank\" rel=\"noopener nofollow\"><img loading=\"lazy\" decoding=\"async\" class=\"wp-image-9656 alignleft\" src=\"https:\/\/www.miles-around.de\/wp-content\/uploads\/2016\/09\/fotolia.png\" alt=\"Fotolia\" width=\"335\" height=\"65\" title=\"\"><\/a><\/td><td>Fotolia<\/td><td><a href=\"https:\/\/de.fotolia.com\/p\/206209243\/partner\/206209243\" target=\"_blank\" rel=\"noopener nofollow\">Portefeuille<\/a><\/td><\/tr><tr><td><a href=\"http:\/\/www.istockphoto.com\/portfolio\/miles_around\" target=\"_blank\" rel=\"noopener nofollow\"><img loading=\"lazy\" decoding=\"async\" class=\"alignleft wp-image-7859\" src=\"https:\/\/www.miles-around.de\/wp-content\/uploads\/2016\/06\/istock.png\" alt=\"iStock\" width=\"130\" height=\"65\" title=\"\"><\/a><\/td><td>iStock<\/td><td><a href=\"http:\/\/www.istockphoto.com\/portfolio\/miles_around\" target=\"_blank\" rel=\"noopener nofollow\">Portefeuille<\/a><\/td><\/tr><tr><td><a href=\"http:\/\/www.shutterstock.com\/g\/Christian+Heinz?rid=1490023\" rel=\"nofollow noopener\" target=\"_blank\"><img loading=\"lazy\" decoding=\"async\" class=\"wp-image-9854 alignleft\" src=\"https:\/\/www.miles-around.de\/wp-content\/uploads\/2016\/10\/shutterstock-1024x149.jpg\" alt=\"Shutterstock\" width=\"448\" height=\"65\" title=\"\" srcset=\"https:\/\/www.miles-around.de\/wp-content\/uploads\/2016\/10\/shutterstock-1024x149.jpg 1024w, https:\/\/www.miles-around.de\/wp-content\/uploads\/2016\/10\/shutterstock-2048x297.jpg 2048w\" sizes=\"auto, (max-width: 448px) 100vw, 448px\" \/><\/a><\/td><td>Shutterstock<\/td><td><a href=\"http:\/\/www.shutterstock.com\/g\/Christian+Heinz?rid=1490023\" target=\"_blank\" rel=\"noopener nofollow\">Portefeuille<\/a><\/td><\/tr><tr><td><a href=\"http:\/\/de.123rf.com\/profile_milesaorund\/#milesaorund\" target=\"_blank\" rel=\"noopener nofollow\"><img loading=\"lazy\" decoding=\"async\" class=\"alignleft\" src=\"https:\/\/de.123rf.com\/submit\/staticbanners\/123rf_260x60.jpg\" alt=\"Photos libres de droits de 123RF\" width=\"260\" height=\"60\" align=\"middle\" border=\"0\" title=\"\"><\/a><\/td><td>123RF<\/td><td><a href=\"http:\/\/de.123rf.com\/profile_milesaorund\/#milesaorund\" target=\"_blank\" rel=\"noopener nofollow\">Portefeuille<\/a><\/td><\/tr><\/tbody><\/table><\/figure>\n\n\n\n<h2 class=\"wp-block-heading\">&nbsp;<\/h2>","protected":false},"excerpt":{"rendered":"<p>Fotografieren ist neben dem Reisen unsere zweite gro\u00dfe Leidenschaft. Wenn du ein tolles Bild in unseren Reiseberichten gesehen hast, schau einfach bei den unten aufgef\u00fchrten Anbietern vorbei. Dort bieten wir unsere Fotos zum Kauf an. Unser Portfolio besteht haupts\u00e4chlich aus Reisefotografien, zum Beispiel von unseren Aufenthalten in den USA, Singapur und Malaysia sowie von Ausflugszielen [&hellip;]<\/p>\n","protected":false},"author":1,"featured_media":0,"parent":0,"menu_order":0,"comment_status":"closed","ping_status":"closed","template":"","meta":{"ocean_post_layout":"","ocean_both_sidebars_style":"","ocean_both_sidebars_content_width":0,"ocean_both_sidebars_sidebars_width":0,"ocean_sidebar":"","ocean_second_sidebar":"","ocean_disable_margins":"enable","ocean_add_body_class":"","ocean_shortcode_before_top_bar":"","ocean_shortcode_after_top_bar":"","ocean_shortcode_before_header":"","ocean_shortcode_after_header":"","ocean_has_shortcode":"","ocean_shortcode_after_title":"","ocean_shortcode_before_footer_widgets":"","ocean_shortcode_after_footer_widgets":"","ocean_shortcode_before_footer_bottom":"","ocean_shortcode_after_footer_bottom":"","ocean_display_top_bar":"default","ocean_display_header":"default","ocean_header_style":"","ocean_center_header_left_menu":"","ocean_custom_header_template":"","ocean_custom_logo":0,"ocean_custom_retina_logo":0,"ocean_custom_logo_max_width":0,"ocean_custom_logo_tablet_max_width":0,"ocean_custom_logo_mobile_max_width":0,"ocean_custom_logo_max_height":0,"ocean_custom_logo_tablet_max_height":0,"ocean_custom_logo_mobile_max_height":0,"ocean_header_custom_menu":"","ocean_menu_typo_font_family":"","ocean_menu_typo_font_subset":"","ocean_menu_typo_font_size":0,"ocean_menu_typo_font_size_tablet":0,"ocean_menu_typo_font_size_mobile":0,"ocean_menu_typo_font_size_unit":"px","ocean_menu_typo_font_weight":"","ocean_menu_typo_font_weight_tablet":"","ocean_menu_typo_font_weight_mobile":"","ocean_menu_typo_transform":"","ocean_menu_typo_transform_tablet":"","ocean_menu_typo_transform_mobile":"","ocean_menu_typo_line_height":0,"ocean_menu_typo_line_height_tablet":0,"ocean_menu_typo_line_height_mobile":0,"ocean_menu_typo_line_height_unit":"","ocean_menu_typo_spacing":0,"ocean_menu_typo_spacing_tablet":0,"ocean_menu_typo_spacing_mobile":0,"ocean_menu_typo_spacing_unit":"","ocean_menu_link_color":"","ocean_menu_link_color_hover":"","ocean_menu_link_color_active":"","ocean_menu_link_background":"","ocean_menu_link_hover_background":"","ocean_menu_link_active_background":"","ocean_menu_social_links_bg":"","ocean_menu_social_hover_links_bg":"","ocean_menu_social_links_color":"","ocean_menu_social_hover_links_color":"","ocean_disable_title":"default","ocean_disable_heading":"default","ocean_post_title":"","ocean_post_subheading":"","ocean_post_title_style":"","ocean_post_title_background_color":"","ocean_post_title_background":0,"ocean_post_title_bg_image_position":"","ocean_post_title_bg_image_attachment":"","ocean_post_title_bg_image_repeat":"","ocean_post_title_bg_image_size":"","ocean_post_title_height":0,"ocean_post_title_bg_overlay":0.5,"ocean_post_title_bg_overlay_color":"","ocean_disable_breadcrumbs":"default","ocean_breadcrumbs_color":"","ocean_breadcrumbs_separator_color":"","ocean_breadcrumbs_links_color":"","ocean_breadcrumbs_links_hover_color":"","ocean_display_footer_widgets":"default","ocean_display_footer_bottom":"default","ocean_custom_footer_template":"","footnotes":""},"class_list":["post-5740","page","type-page","status-publish","hentry","entry"],"jetpack_sharing_enabled":true,"amp_enabled":false,"_links":{"self":[{"href":"https:\/\/www.miles-around.de\/fr\/wp-json\/wp\/v2\/pages\/5740","targetHints":{"allow":["GET"]}}],"collection":[{"href":"https:\/\/www.miles-around.de\/fr\/wp-json\/wp\/v2\/pages"}],"about":[{"href":"https:\/\/www.miles-around.de\/fr\/wp-json\/wp\/v2\/types\/page"}],"author":[{"embeddable":true,"href":"https:\/\/www.miles-around.de\/fr\/wp-json\/wp\/v2\/users\/1"}],"replies":[{"embeddable":true,"href":"https:\/\/www.miles-around.de\/fr\/wp-json\/wp\/v2\/comments?post=5740"}],"version-history":[{"count":0,"href":"https:\/\/www.miles-around.de\/fr\/wp-json\/wp\/v2\/pages\/5740\/revisions"}],"wp:attachment":[{"href":"https:\/\/www.miles-around.de\/fr\/wp-json\/wp\/v2\/media?parent=5740"}],"curies":[{"name":"wp","href":"https:\/\/api.w.org\/{rel}","templated":true}]}}