{"id":1165,"date":"2016-04-22T07:27:26","date_gmt":"2016-04-22T05:27:26","guid":{"rendered":"http:\/\/www.miles-around.de\/?page_id=1165"},"modified":"2022-11-06T08:35:09","modified_gmt":"2022-11-06T07:35:09","slug":"notre-equipe","status":"publish","type":"page","link":"https:\/\/www.miles-around.de\/fr\/unser-team\/","title":{"rendered":"Notre \u00e9quipe"},"content":{"rendered":"<div class=\"wp-block-columns is-layout-flex wp-container-core-columns-is-layout-9d6595d7 wp-block-columns-is-layout-flex\">\n<div class=\"wp-block-column is-layout-flow wp-block-column-is-layout-flow\">\n<p><strong>Miles-around, le blog allemand de r\u00e9cits de voyage, d&#039;histoires d&#039;excursions et d&#039;avis d&#039;h\u00f4tels, a \u00e9t\u00e9 fond\u00e9 en janvier 2015 par Christin et Christian, deux passionn\u00e9s de voyage. Le blog propose des exp\u00e9riences de voyage vari\u00e9es pour les couples exigeants, des r\u00e9cits de voyages dans le monde de l&#039;aviation, des critiques d&#039;h\u00f4tels de luxe et d&#039;exp\u00e9riences originales, des escapades romantiques en ville et des conseils culinaires.<\/strong><\/p>\n\n\n\n<p>Nous souhaitons proposer \u00e0 nos lecteurs des voyages et des excursions accessibles m\u00eame avec un emploi \u00e0 temps plein. Nous nous effor\u00e7ons de pr\u00e9senter une grande vari\u00e9t\u00e9 de destinations \u00e0 travers le monde et de leur offrir des id\u00e9es de voyages inoubliables.<\/p>\n<\/div>\n\n\n\n<div class=\"wp-block-column is-layout-flow wp-block-column-is-layout-flow\" style=\"flex-basis:65%\">\n<figure class=\"wp-block-image size-full\"><img loading=\"lazy\" decoding=\"async\" width=\"2000\" height=\"2000\" src=\"https:\/\/www.miles-around.de\/wp-content\/uploads\/2022\/10\/bisherige-highlights-unserer-reisen-miles-around.jpg\" alt=\"Points forts pr\u00e9c\u00e9dents de nos voyages - kilom\u00e8tres autour\" class=\"wp-image-17221\" title=\"\" srcset=\"https:\/\/www.miles-around.de\/wp-content\/uploads\/2022\/10\/bisherige-highlights-unserer-reisen-miles-around.jpg 2000w, https:\/\/www.miles-around.de\/wp-content\/uploads\/2022\/10\/bisherige-highlights-unserer-reisen-miles-around-1024x1024.jpg 1024w, https:\/\/www.miles-around.de\/wp-content\/uploads\/2022\/10\/bisherige-highlights-unserer-reisen-miles-around-300x300.jpg 300w, https:\/\/www.miles-around.de\/wp-content\/uploads\/2022\/10\/bisherige-highlights-unserer-reisen-miles-around-1536x1536.jpg 1536w, https:\/\/www.miles-around.de\/wp-content\/uploads\/2022\/10\/bisherige-highlights-unserer-reisen-miles-around-65x65.jpg 65w, https:\/\/www.miles-around.de\/wp-content\/uploads\/2022\/10\/bisherige-highlights-unserer-reisen-miles-around-600x600.jpg 600w\" sizes=\"auto, (max-width: 2000px) 100vw, 2000px\" \/><figcaption class=\"wp-element-caption\">Points forts pr\u00e9c\u00e9dents de nos voyages \u2013 \u00e0 des kilom\u00e8tres de l\u00e0<\/figcaption><\/figure>\n<\/div>\n<\/div>\n\n\n\n<h2 class=\"wp-block-heading\">Qui \u00e9crit sur des kilom\u00e8tres \u00e0 la ronde ?<\/h2>\n\n\n\n<h3 class=\"wp-block-heading\">chr\u00e9tien<\/h3>\n\n\n<div class=\"wp-block-image\">\n<figure class=\"aligncenter size-full is-resized\"><img decoding=\"async\" src=\"https:\/\/www.miles-around.de\/wp-content\/uploads\/2022\/11\/christin.jpeg\" alt=\"chr\u00e9tien\" class=\"wp-image-17425\" width=\"1024\" title=\"\" srcset=\"https:\/\/www.miles-around.de\/wp-content\/uploads\/2022\/11\/christin.jpeg 2048w, https:\/\/www.miles-around.de\/wp-content\/uploads\/2022\/11\/christin-1024x683.jpeg 1024w, https:\/\/www.miles-around.de\/wp-content\/uploads\/2022\/11\/christin-1536x1025.jpeg 1536w, https:\/\/www.miles-around.de\/wp-content\/uploads\/2022\/11\/christin-1200x800.jpeg 1200w\" sizes=\"(max-width: 2048px) 100vw, 2048px\" \/><\/figure>\n<\/div>\n\n\n<p>Bonjour, je m&#039;appelle Christin et j&#039;ai grandi dans la charmante ville de Merseburg. Pendant mes \u00e9tudes \u00e0 Erfurt, j&#039;ai rencontr\u00e9 mon mari, Christian, et nous sommes partis vivre ensemble \u00e0 Halle. Aujourd&#039;hui, avec nos enfants, nous sommes de retour dans ma ville natale. Architecte de profession, je suis toujours fascin\u00e9e par les lieux charg\u00e9s d&#039;histoire et dot\u00e9s d&#039;une architecture remarquable. J&#039;ai beaucoup voyag\u00e9 pendant mes \u00e9tudes, mais c&#039;est mon mari qui a v\u00e9ritablement \u00e9veill\u00e9 ma passion pour les voyages. Ma devise\u00a0: \u201e\u00a0Le voyage est la destination\u00a0!\u00a0\u201c Pour nous, des vacances relaxantes commencent \u00e0 l&#039;a\u00e9roport\u2026 dans le salon VIP. :-)<\/p>\n\n\n<div  class=\"ultp-post-grid-block wp-block-ultimate-post-post-grid-2 ultp-block-d05926\"><div class=\"ultp-block-wrapper\"><div class=\"ultp-loading\"><div class=\"ultp-loading-blocks\" style=\"width:100%;height:100%;\"><div style=\"left: 0;top: 0;animation-delay:0s;\"><\/div><div style=\"left: 21px;top: 0;animation-delay:0.125s;\"><\/div><div style=\"left: 42px;top: 0;animation-delay:0.25s;\"><\/div><div style=\"left: 0;top: 21px;animation-delay:0.875s;\"><\/div><div style=\"left: 42px;top: 21px;animation-delay:0.375s;\"><\/div><div style=\"left: 0;top: 42px;animation-delay:0.75s;\"><\/div><div style=\"left: 42px;top: 42px;animation-delay:0.625s;\"><\/div><div style=\"left: 21px;top: 42px;animation-delay:0.5s;\"><\/div><\/div><\/div><div class=\"ultp-heading-filter\"><div class=\"ultp-heading-filter-in\"><div class=\"ultp-heading-wrap ultp-heading-style7 ultp-heading-left\"><h4 class=\"ultp-heading-inner\"><span>Les publications de Christin<\/span><\/h4><\/div><div class=\"ultp-filter-navigation\"><\/div><\/div><\/div><div class=\"ultp-block-items-wrap ultp-block-row\"><div class=\"ultp-block-item post-id-26017\"><div class=\"ultp-block-content-wrap ultp-block-content-overlay\"><div class=\"ultp-block-image ultp-block-image-zoomIn\"><a href=\"https:\/\/www.miles-around.de\/fr\/reiseziele\/mittelamerika\/mexiko\/yucatan-mexiko-unsere-highlights-und-tipps-fuer-eine-unvergessliche-rundreise\/\" ><img decoding=\"async\" alt=\"Yucat\u00e1n, Mexique\" src=\"https:\/\/www.miles-around.de\/wp-content\/uploads\/2025\/10\/yucatan-mexiko-870x570.jpeg\" title=\"\"><\/a><div class=\"ultp-category-img-grid\"><div class=\"ultp-category-grid ultp-category-classic ultp-category-topRight\"><div class=\"ultp-category-in\"><a class=\"ultp-cat-mexiko\" href=\"https:\/\/www.miles-around.de\/fr\/reiseziele\/mittelamerika\/mexiko\/\"  >Mexique<\/a><\/div><\/div><\/div><\/div><div class=\"ultp-block-content ultp-block-content-bottomPosition\"><div class=\"ultp-block-content-inner\"><h4 class=\"ultp-block-title\"><a href=\"https:\/\/www.miles-around.de\/fr\/reiseziele\/mittelamerika\/mexiko\/yucatan-mexiko-unsere-highlights-und-tipps-fuer-eine-unvergessliche-rundreise\/\" >Yucat\u00e1n, Mexique \u2013 nos incontournables et nos conseils pour un voyage inoubliable<\/a><\/h4><\/div><\/div><\/div><\/div><div class=\"ultp-block-item post-id-23404\"><div class=\"ultp-block-content-wrap ultp-block-content-overlay\"><div class=\"ultp-block-image ultp-block-image-zoomIn\"><a href=\"https:\/\/www.miles-around.de\/fr\/reiseziele\/afrika\/aegypten\/agypten-individuell-erkunden\/\" ><img decoding=\"async\" alt=\"Pyramides de Gizeh\" src=\"https:\/\/www.miles-around.de\/wp-content\/uploads\/2025\/03\/pyramiden-von-gizeh-870x570.jpeg\" title=\"\"><\/a><div class=\"ultp-category-img-grid\"><div class=\"ultp-category-grid ultp-category-classic ultp-category-topRight\"><div class=\"ultp-category-in\"><a class=\"ultp-cat-aegypten\" href=\"https:\/\/www.miles-around.de\/fr\/reiseziele\/afrika\/aegypten\/\"  >Egypte<\/a><\/div><\/div><\/div><\/div><div class=\"ultp-block-content ultp-block-content-bottomPosition\"><div class=\"ultp-block-content-inner\"><h4 class=\"ultp-block-title\"><a href=\"https:\/\/www.miles-around.de\/fr\/reiseziele\/afrika\/aegypten\/agypten-individuell-erkunden\/\" >Explorez l&#039;\u00c9gypte par vous-m\u00eame \u2013 Notre exp\u00e9rience aux pyramides de Gizeh, Saqqara et autres sites d&#039;int\u00e9r\u00eat.<\/a><\/h4><\/div><\/div><\/div><\/div><div class=\"ultp-block-item post-id-22749\"><div class=\"ultp-block-content-wrap ultp-block-content-overlay\"><div class=\"ultp-block-image ultp-block-image-zoomIn\"><a href=\"https:\/\/www.miles-around.de\/fr\/reiseziele\/europa\/estland\/estland-entdecken-highlights-wie-tallinns-altstadt-soomaa-nationalpark\/\" ><img decoding=\"async\" alt=\"D\u00e9couvrez l&#039;Estonie\" src=\"https:\/\/www.miles-around.de\/wp-content\/uploads\/2024\/09\/estland-entdecken-870x570.jpeg\" title=\"\"><\/a><div class=\"ultp-category-img-grid\"><div class=\"ultp-category-grid ultp-category-classic ultp-category-topRight\"><div class=\"ultp-category-in\"><a class=\"ultp-cat-estland\" href=\"https:\/\/www.miles-around.de\/fr\/reiseziele\/europa\/estland\/\"  >Estonie<\/a><\/div><\/div><\/div><\/div><div class=\"ultp-block-content ultp-block-content-bottomPosition\"><div class=\"ultp-block-content-inner\"><h4 class=\"ultp-block-title\"><a href=\"https:\/\/www.miles-around.de\/fr\/reiseziele\/europa\/estland\/estland-entdecken-highlights-wie-tallinns-altstadt-soomaa-nationalpark\/\" >D\u00e9couvrez l&#039;Estonie\u00a0: des incontournables comme la vieille ville de Tallinn et le parc national de Soomaa<\/a><\/h4><\/div><\/div><\/div><\/div><\/div><div class=\"ultp-pagination-wrap ultp-pagination-ajax-action\" data-paged=\"1\" data-expost=\"\"  data-blockid=\"d05926\" data-postid=\"1165\" data-pages=\"19\" data-blockname=\"ultimate-post_post-grid-2\" data-selfpostid=\"no\"><ul class=\"ultp-pagination\"><li class=\"ultp-prev-page-numbers\" style=\"display:none\"><a href=\"https:\/\/www.miles-around.de\/fr\/wp-json\/wp\/v2\/pages\/1165\/\"><svg xmlns=\"http:\/\/www.w3.org\/2000\/svg\" fill=\"none\" viewbox=\"0 0 24 24\">\n  <path stroke=\"currentColor\" stroke-linecap=\"round\" stroke-linejoin=\"round\" stroke-width=\"1.5\" d=\"m15 18-6-6 6-6\"\/>\n<\/svg>\n Pr\u00e9c\u00e9dent<\/a><\/li><li class=\"ultp-first-pages\" style=\"display:none\" data-current=\"1\"><a href=\"https:\/\/www.miles-around.de\/fr\/wp-json\/wp\/v2\/pages\/1165\/\">1<\/a><\/li><li class=\"ultp-first-dot\"style=\"display:none\"><a href=\"#\">\u2026<\/a><\/li><li class=\"ultp-center-item pagination-active\" data-current=\"1\"><a href=\"https:\/\/www.miles-around.de\/fr\/wp-json\/wp\/v2\/pages\/1165\/\">1<\/a><\/li><li class=\"ultp-center-item\" data-current=\"2\" ><a href=\"https:\/\/www.miles-around.de\/fr\/wp-json\/wp\/v2\/pages\/1165\/page\/2\/\">2<\/a><\/li><li class=\"ultp-center-item\" data-current=\"3\" ><a href=\"https:\/\/www.miles-around.de\/fr\/wp-json\/wp\/v2\/pages\/1165\/page\/3\/\">3<\/a><\/li><li class=\"ultp-last-dot\" ><a href=\"#\">\u2026<\/a><\/li><li class=\"ultp-last-pages\" data-current=\"19\"><a href=\"https:\/\/www.miles-around.de\/fr\/wp-json\/wp\/v2\/pages\/1165\/page\/19\/\">19<\/a><\/li><li class=\"ultp-next-page-numbers\"><a href=\"https:\/\/www.miles-around.de\/fr\/wp-json\/wp\/v2\/pages\/1165\/page\/2\/\">Suivant<svg xmlns=\"http:\/\/www.w3.org\/2000\/svg\" fill=\"none\" viewbox=\"0 0 24 24\">\n  <path stroke=\"currentColor\" stroke-linecap=\"round\" stroke-linejoin=\"round\" stroke-width=\"1.5\" d=\"m9 18 6-6-6-6\"\/>\n<\/svg>\n<\/a><\/li><\/ul><\/div><\/div><div class=\"pagination-block-html\" aria-hidden=\"true\" style=\"display: none;\"><\/div><\/div>\n\n\n<div style=\"height:40px\" aria-hidden=\"true\" class=\"wp-block-spacer\"><\/div>\n\n\n\n<h3 class=\"wp-block-heading\">chr\u00e9tien<\/h3>\n\n\n<div class=\"wp-block-image\">\n<figure class=\"aligncenter size-medium\"><img loading=\"lazy\" decoding=\"async\" width=\"1024\" height=\"683\" src=\"https:\/\/www.miles-around.de\/wp-content\/uploads\/2022\/10\/christian-1024x683.jpeg\" alt=\"chr\u00e9tien\" class=\"wp-image-17297\" title=\"\" srcset=\"https:\/\/www.miles-around.de\/wp-content\/uploads\/2022\/10\/christian-1024x683.jpeg 1024w, https:\/\/www.miles-around.de\/wp-content\/uploads\/2022\/10\/christian-1536x1025.jpeg 1536w, https:\/\/www.miles-around.de\/wp-content\/uploads\/2022\/10\/christian-1200x800.jpeg 1200w, https:\/\/www.miles-around.de\/wp-content\/uploads\/2022\/10\/christian.jpeg 2048w\" sizes=\"auto, (max-width: 1024px) 100vw, 1024px\" \/><\/figure>\n<\/div>\n\n\n<p>Je m&#039;appelle Christian et je suis n\u00e9 au c\u0153ur de l&#039;Allemagne verdoyante. J&#039;ai \u00e9tudi\u00e9 l&#039;ing\u00e9nierie informatique \u00e0 Ilmenau, en Thuringe. Depuis 2021, je vis \u00e0 Merseburg avec ma femme Christin et notre fils, et je travaille \u00e0 Leipzig comme chef de produit. J&#039;aime particuli\u00e8rement voyager en avion, d\u00e9couvrir de nouvelles saveurs et s\u00e9journer dans de beaux h\u00f4tels. Passionn\u00e9 de voyages, je suis toujours en qu\u00eate de ma prochaine aventure. Je partage mes exp\u00e9riences de voyage depuis 2007.<\/p>\n\n\n<div  class=\"ultp-post-grid-block wp-block-ultimate-post-post-grid-2 ultp-block-2408ed\"><div class=\"ultp-block-wrapper\"><div class=\"ultp-loading\"><div class=\"ultp-loading-blocks\" style=\"width:100%;height:100%;\"><div style=\"left: 0;top: 0;animation-delay:0s;\"><\/div><div style=\"left: 21px;top: 0;animation-delay:0.125s;\"><\/div><div style=\"left: 42px;top: 0;animation-delay:0.25s;\"><\/div><div style=\"left: 0;top: 21px;animation-delay:0.875s;\"><\/div><div style=\"left: 42px;top: 21px;animation-delay:0.375s;\"><\/div><div style=\"left: 0;top: 42px;animation-delay:0.75s;\"><\/div><div style=\"left: 42px;top: 42px;animation-delay:0.625s;\"><\/div><div style=\"left: 21px;top: 42px;animation-delay:0.5s;\"><\/div><\/div><\/div><div class=\"ultp-heading-filter\"><div class=\"ultp-heading-filter-in\"><div class=\"ultp-heading-wrap ultp-heading-style7 ultp-heading-left\"><h4 class=\"ultp-heading-inner\"><span>Les contributions de Christian<\/span><\/h4><\/div><div class=\"ultp-filter-navigation\"><\/div><\/div><\/div><div class=\"ultp-block-items-wrap ultp-block-row\"><div class=\"ultp-block-item post-id-27147\"><div class=\"ultp-block-content-wrap ultp-block-content-overlay\"><div class=\"ultp-block-image ultp-block-image-zoomIn\"><a href=\"https:\/\/www.miles-around.de\/fr\/reiseziele\/asien\/singapur\/singapur-mit-kind-erleben-unser-reisebericht-zwischen-futuristischer-skyline-und-gruenen-oasen\/\" ><img decoding=\"async\" alt=\"Reisebericht Singapur\" src=\"https:\/\/www.miles-around.de\/wp-content\/uploads\/2026\/05\/reisebericht-singapur-870x570.jpeg\" title=\"\"><\/a><div class=\"ultp-category-img-grid\"><div class=\"ultp-category-grid ultp-category-classic ultp-category-topRight\"><div class=\"ultp-category-in\"><a class=\"ultp-cat-singapur\" href=\"https:\/\/www.miles-around.de\/fr\/reiseziele\/asien\/singapur\/\"  >Singapour<\/a><\/div><\/div><\/div><\/div><div class=\"ultp-block-content ultp-block-content-bottomPosition\"><div class=\"ultp-block-content-inner\"><h4 class=\"ultp-block-title\"><a href=\"https:\/\/www.miles-around.de\/fr\/reiseziele\/asien\/singapur\/singapur-mit-kind-erleben-unser-reisebericht-zwischen-futuristischer-skyline-und-gruenen-oasen\/\" >Singapur mit Kind erleben \u2013 unser Reisebericht zwischen futuristischer Skyline und gr\u00fcnen Oasen<\/a><\/h4><\/div><\/div><\/div><\/div><div class=\"ultp-block-item post-id-27084\"><div class=\"ultp-block-content-wrap ultp-block-content-overlay\"><div class=\"ultp-block-image ultp-block-image-zoomIn\"><a href=\"https:\/\/www.miles-around.de\/fr\/lounge-reviews\/marhaba-lounge-singapur-terminal-1\/\" ><img decoding=\"async\" alt=\"marhaba Lounge Singapour Terminal 1\" src=\"https:\/\/www.miles-around.de\/wp-content\/uploads\/2026\/03\/marhaba-lounge-singapur-terminal-1-870x570.jpeg\" title=\"\"><\/a><div class=\"ultp-category-img-grid\"><div class=\"ultp-category-grid ultp-category-classic ultp-category-topRight\"><div class=\"ultp-category-in\"><a class=\"ultp-cat-lounge-reviews\" href=\"https:\/\/www.miles-around.de\/fr\/lounge-reviews\/\"  >Avis sur les salons<\/a><\/div><\/div><\/div><\/div><div class=\"ultp-block-content ultp-block-content-bottomPosition\"><div class=\"ultp-block-content-inner\"><h4 class=\"ultp-block-title\"><a href=\"https:\/\/www.miles-around.de\/fr\/lounge-reviews\/marhaba-lounge-singapur-terminal-1\/\" >marhaba Lounge Singapour Terminal 1<\/a><\/h4><\/div><\/div><\/div><\/div><div class=\"ultp-block-item post-id-27035\"><div class=\"ultp-block-content-wrap ultp-block-content-overlay\"><div class=\"ultp-block-image ultp-block-image-zoomIn\"><a href=\"https:\/\/www.miles-around.de\/fr\/hotel-reviews\/crowne-plaza-changi-airport-singapur\/\" ><img decoding=\"async\" alt=\"Crowne Plaza Changi Airport Singapour\" src=\"https:\/\/www.miles-around.de\/wp-content\/uploads\/2026\/03\/crowne-plaza-changi-airport-singapur-870x570.jpeg\" title=\"\"><\/a><div class=\"ultp-category-img-grid\"><div class=\"ultp-category-grid ultp-category-classic ultp-category-topRight\"><div class=\"ultp-category-in\"><a class=\"ultp-cat-hotel-reviews\" href=\"https:\/\/www.miles-around.de\/fr\/hotel-reviews\/\"  >\u00c9valuation de l'h\u00f4tel<\/a><\/div><\/div><\/div><\/div><div class=\"ultp-block-content ultp-block-content-bottomPosition\"><div class=\"ultp-block-content-inner\"><h4 class=\"ultp-block-title\"><a href=\"https:\/\/www.miles-around.de\/fr\/hotel-reviews\/crowne-plaza-changi-airport-singapur\/\" >Crowne Plaza Changi Airport Singapour<\/a><\/h4><\/div><\/div><\/div><\/div><\/div><div class=\"ultp-pagination-wrap ultp-pagination-ajax-action\" data-paged=\"1\" data-expost=\"\"  data-blockid=\"2408ed\" data-postid=\"1165\" data-pages=\"84\" data-blockname=\"ultimate-post_post-grid-2\" data-selfpostid=\"no\"><ul class=\"ultp-pagination\"><li class=\"ultp-prev-page-numbers\" style=\"display:none\"><a href=\"https:\/\/www.miles-around.de\/fr\/wp-json\/wp\/v2\/pages\/1165\/\"><svg xmlns=\"http:\/\/www.w3.org\/2000\/svg\" fill=\"none\" viewbox=\"0 0 24 24\">\n  <path stroke=\"currentColor\" stroke-linecap=\"round\" stroke-linejoin=\"round\" stroke-width=\"1.5\" d=\"m15 18-6-6 6-6\"\/>\n<\/svg>\n Pr\u00e9c\u00e9dent<\/a><\/li><li class=\"ultp-first-pages\" style=\"display:none\" data-current=\"1\"><a href=\"https:\/\/www.miles-around.de\/fr\/wp-json\/wp\/v2\/pages\/1165\/\">1<\/a><\/li><li class=\"ultp-first-dot\"style=\"display:none\"><a href=\"#\">\u2026<\/a><\/li><li class=\"ultp-center-item pagination-active\" data-current=\"1\"><a href=\"https:\/\/www.miles-around.de\/fr\/wp-json\/wp\/v2\/pages\/1165\/\">1<\/a><\/li><li class=\"ultp-center-item\" data-current=\"2\" ><a href=\"https:\/\/www.miles-around.de\/fr\/wp-json\/wp\/v2\/pages\/1165\/page\/2\/\">2<\/a><\/li><li class=\"ultp-center-item\" data-current=\"3\" ><a href=\"https:\/\/www.miles-around.de\/fr\/wp-json\/wp\/v2\/pages\/1165\/page\/3\/\">3<\/a><\/li><li class=\"ultp-last-dot\" ><a href=\"#\">\u2026<\/a><\/li><li class=\"ultp-last-pages\" data-current=\"84\"><a href=\"https:\/\/www.miles-around.de\/fr\/wp-json\/wp\/v2\/pages\/1165\/page\/84\/\">84<\/a><\/li><li class=\"ultp-next-page-numbers\"><a href=\"https:\/\/www.miles-around.de\/fr\/wp-json\/wp\/v2\/pages\/1165\/page\/2\/\">Suivant<svg xmlns=\"http:\/\/www.w3.org\/2000\/svg\" fill=\"none\" viewbox=\"0 0 24 24\">\n  <path stroke=\"currentColor\" stroke-linecap=\"round\" stroke-linejoin=\"round\" stroke-width=\"1.5\" d=\"m9 18 6-6-6-6\"\/>\n<\/svg>\n<\/a><\/li><\/ul><\/div><\/div><div class=\"pagination-block-html\" aria-hidden=\"true\" style=\"display: none;\"><\/div><\/div>\n\n\n<div style=\"height:40px\" aria-hidden=\"true\" class=\"wp-block-spacer\"><\/div>","protected":false},"excerpt":{"rendered":"<p>miles-around, Deutschlands Blog f\u00fcr Reiseberichte &#8211; Trip Reports &#8211; Hotel Reviews, wurde im Januar 2015 von den beiden Reiseliebhabern Christin und Christian gegr\u00fcndet. Im Mittelpunkt des Blogs stehen abwechslungsreiche Reiseerlebnisse f\u00fcr anspruchsvolle Paare, Trip-Reports aus der Welt der Fliegerei, Bewertungen von spannenden und luxuri\u00f6sen Hotelkonzepten, romantische St\u00e4dtetrips und Tipps f\u00fcr kulinarische Highlights. Wir m\u00f6chten unsere [&hellip;]<\/p>\n","protected":false},"author":1,"featured_media":0,"parent":0,"menu_order":0,"comment_status":"closed","ping_status":"open","template":"","meta":{"ocean_post_layout":"","ocean_both_sidebars_style":"","ocean_both_sidebars_content_width":0,"ocean_both_sidebars_sidebars_width":0,"ocean_sidebar":"0","ocean_second_sidebar":"0","ocean_disable_margins":"enable","ocean_add_body_class":"","ocean_shortcode_before_top_bar":"","ocean_shortcode_after_top_bar":"","ocean_shortcode_before_header":"","ocean_shortcode_after_header":"","ocean_has_shortcode":"","ocean_shortcode_after_title":"","ocean_shortcode_before_footer_widgets":"","ocean_shortcode_after_footer_widgets":"","ocean_shortcode_before_footer_bottom":"","ocean_shortcode_after_footer_bottom":"","ocean_display_top_bar":"default","ocean_display_header":"default","ocean_header_style":"","ocean_center_header_left_menu":"0","ocean_custom_header_template":"0","ocean_custom_logo":0,"ocean_custom_retina_logo":0,"ocean_custom_logo_max_width":0,"ocean_custom_logo_tablet_max_width":0,"ocean_custom_logo_mobile_max_width":0,"ocean_custom_logo_max_height":0,"ocean_custom_logo_tablet_max_height":0,"ocean_custom_logo_mobile_max_height":0,"ocean_header_custom_menu":"0","ocean_menu_typo_font_family":"0","ocean_menu_typo_font_subset":"","ocean_menu_typo_font_size":0,"ocean_menu_typo_font_size_tablet":0,"ocean_menu_typo_font_size_mobile":0,"ocean_menu_typo_font_size_unit":"px","ocean_menu_typo_font_weight":"","ocean_menu_typo_font_weight_tablet":"","ocean_menu_typo_font_weight_mobile":"","ocean_menu_typo_transform":"","ocean_menu_typo_transform_tablet":"","ocean_menu_typo_transform_mobile":"","ocean_menu_typo_line_height":0,"ocean_menu_typo_line_height_tablet":0,"ocean_menu_typo_line_height_mobile":0,"ocean_menu_typo_line_height_unit":"","ocean_menu_typo_spacing":0,"ocean_menu_typo_spacing_tablet":0,"ocean_menu_typo_spacing_mobile":0,"ocean_menu_typo_spacing_unit":"","ocean_menu_link_color":"","ocean_menu_link_color_hover":"","ocean_menu_link_color_active":"","ocean_menu_link_background":"","ocean_menu_link_hover_background":"","ocean_menu_link_active_background":"","ocean_menu_social_links_bg":"","ocean_menu_social_hover_links_bg":"","ocean_menu_social_links_color":"","ocean_menu_social_hover_links_color":"","ocean_disable_title":"default","ocean_disable_heading":"default","ocean_post_title":"","ocean_post_subheading":"","ocean_post_title_style":"","ocean_post_title_background_color":"","ocean_post_title_background":0,"ocean_post_title_bg_image_position":"","ocean_post_title_bg_image_attachment":"","ocean_post_title_bg_image_repeat":"","ocean_post_title_bg_image_size":"","ocean_post_title_height":0,"ocean_post_title_bg_overlay":0.5,"ocean_post_title_bg_overlay_color":"","ocean_disable_breadcrumbs":"default","ocean_breadcrumbs_color":"","ocean_breadcrumbs_separator_color":"","ocean_breadcrumbs_links_color":"","ocean_breadcrumbs_links_hover_color":"","ocean_display_footer_widgets":"default","ocean_display_footer_bottom":"default","ocean_custom_footer_template":"0","footnotes":""},"class_list":["post-1165","page","type-page","status-publish","hentry","entry"],"jetpack_sharing_enabled":true,"amp_enabled":true,"_links":{"self":[{"href":"https:\/\/www.miles-around.de\/fr\/wp-json\/wp\/v2\/pages\/1165","targetHints":{"allow":["GET"]}}],"collection":[{"href":"https:\/\/www.miles-around.de\/fr\/wp-json\/wp\/v2\/pages"}],"about":[{"href":"https:\/\/www.miles-around.de\/fr\/wp-json\/wp\/v2\/types\/page"}],"author":[{"embeddable":true,"href":"https:\/\/www.miles-around.de\/fr\/wp-json\/wp\/v2\/users\/1"}],"replies":[{"embeddable":true,"href":"https:\/\/www.miles-around.de\/fr\/wp-json\/wp\/v2\/comments?post=1165"}],"version-history":[{"count":0,"href":"https:\/\/www.miles-around.de\/fr\/wp-json\/wp\/v2\/pages\/1165\/revisions"}],"wp:attachment":[{"href":"https:\/\/www.miles-around.de\/fr\/wp-json\/wp\/v2\/media?parent=1165"}],"curies":[{"name":"wp","href":"https:\/\/api.w.org\/{rel}","templated":true}]}}