{"id":947,"date":"2015-02-20T08:59:28","date_gmt":"2015-02-20T07:59:28","guid":{"rendered":"http:\/\/www.miles-around.de\/?page_id=947"},"modified":"2020-03-05T21:04:03","modified_gmt":"2020-03-05T20:04:03","slug":"data-protection","status":"publish","type":"page","link":"https:\/\/www.miles-around.de\/en\/datenschutz\/","title":{"rendered":"Privacy policy"},"content":{"rendered":"<h1>Privacy policy<\/h1>\n<p><p>In this privacy policy we inform you about the processing of your personal data.<\/p>\n<p> If you would like to change your data protection settings (give consent or revoke consent already given), click <a target=\"_blank\" href=\"#\" class=\"sp-dsgvo-show-privacy-popup\">here<\/a> to change your settings.<\/p>\n<h2>Responsible<\/h2>\n<p>Christian Heinz, Zum F\u00fcrstendamm 31, 06217 Merseburg, Germany, <a href=\"mailto:christian@miles-around.de\">christian@miles-around.de<\/a>, <\/p>\n<h2>Hosting Provider<\/h2>\n<h3>Hetzner Online GmbH<\/h3>\n<p><p>We host our website with our processor <a target=\"_blank\" href=\"https:\/\/www.hetzner.com\/de\/\" rel=\"nofollow noopener\">Hetzner<\/a>, Hetzner Online GmbH, Industriestr. 25, 91710 Gunzenhausen, Germany.<\/p>\n<p>Connection data is processed for the purpose of providing and delivering the website. For the sole purpose of delivering and providing the website, the data is not stored beyond the initial visit.<\/p>\n<p>The legal basis for data processing is the legitimate interest (absolute technical necessity to provide and deliver the \u201cwebsite\u201d service you expressly requested by accessing it) in accordance with Art. 6 (1) (f) GDPR.<\/p>\n<p>To operate the website, connection data and other personal data are also processed as part of various other functions and services. This privacy policy provides detailed information about this for each function and service.<\/p>\n<\/p>\n<h2>Server Log Files<\/h2>\n<p><span><\/p>\n<p>Connection data is processed for the purpose of monitoring the technical functionality and increasing the operational reliability of our web host. The processing period is limited to 14 days.<\/p>\n<p>The legal basis for data processing is the legitimate interest (absolute technical necessity of a server log file as a basic database for error analysis and for security measures within the scope of the \u201cwebsite\u201d service expressly requested by your access) in accordance with Art. 6 (1) (f) GDPR.<\/p>\n<p><\/span><\/p>\n<h2>Comment form<\/h2>\n<p><p>By commenting on our products, posts, photos, or videos, the personal data you provide will be processed for the purpose of displaying your comment on our website and for internal documentation on the legal basis of the contract concluded with you pursuant to Art. 6 (1) (b) GDPR (free hosting agreement for displaying your comment on our website). Your name and your comment will be published on our website. Your personal data will be stored until the comment is deleted.<\/p>\n<\/p>\n<h2>Web fonts<\/h2>\n<h3>Font Awesome<\/h3>\n<p><p>We process with our processor <a target=\"_blank\" href=\"https:\/\/fontawesome.com\/\" rel=\"nofollow noopener\">Fontawesome<\/a>Fonticons, Inc., 6 Porter Road, Apartment 3R, Cambridge, MA 02140, USA, collects connection data and browser data for the purpose of providing the fonts required by the web browser to display the website. This data is processed only for the time required to select and transmit the fonts.<\/p>\n<p>The legal basis for data processing is the legitimate interest (absolute technical necessity to provide and deliver the \u201cwebsite\u201d service you expressly requested by accessing it) in accordance with Art. 6 (1) (f) GDPR.<\/p>\n<p>To the extent that Fontawesome carries out further independent processing of the data, Fontawesome is solely responsible for this. Details can be found in the <a target=\"_blank\" href=\"https:\/\/fontawesome.com\/privacy\" rel=\"nofollow noopener\">Privacy policy<\/a> by Fontawesome.<\/p>\n<\/p>\n<h2>Embeddings<\/h2>\n<h3>YouTube<\/h3>\n<p><p>If you give your consent, we will process the service <a target=\"_blank\" href=\"https:\/\/www.youtube.com\/\" rel=\"nofollow noopener\">YouTube<\/a>, Google Ireland Limited, Gordon House, Barrow Street, Dublin 4, Ireland as joint controllers of your personal data for the purpose of playing videos on our website.<\/p>\n<p>We enable the service to collect connection data, collect data from your web browser, and place an advertising cookie. Placing advertising cookies allows Google to calculate a unique user ID for each user. This personal data, which is suitable for unique identification, is then processed within the advertising network operated by Google.<\/p>\n<p>The Google Group transfers your personal data to the USA. The legal basis for the data transfer to the USA is your consent pursuant to Art. 49 (1) (a) in conjunction with Art. 6 (1) (a) GDPR in conjunction with Section 25 of the German Data Protection Act (TTDSG). You were informed before giving your consent that the USA does not have a level of data protection equivalent to EU standards. In particular, US intelligence agencies can access your data without you being informed and without you being able to take legal action. For this reason, the European Court of Justice has declared the previous adequacy decision (Privacy Shield) invalid in a ruling.<\/p>\n<p>To the extent that Google carries out further independent processing of the data, particularly within the framework of the Google advertising network, Google is solely responsible for this. Details can be found in the <a target=\"_blank\" href=\"https:\/\/policies.google.com\/privacy?gl=AT&amp;hl=de#intro\" rel=\"nofollow noopener\">Privacy policy<\/a> from Google.<\/p>\n<p>Failure to grant consent will simply result in the YouTube service not being made available to you. You can revoke consent you have already given by <a target=\"_blank\" class=\"lwb-ppsp\" href=\"#\" title=\"Privacy settings\">Privacy settings<\/a> change.<\/p>\n<p>The legal basis for data processing is your consent in accordance with Art. 6 (1) (a) GDPR.<\/p>\n<\/p>\n<h2>Right to object<\/h2>\n<p><p>If the processing of your personal data is based on legitimate interest, you have the right to object to this processing.<\/p>\n<p>Unless there are compelling legitimate grounds for processing on our part, the processing of your data will be discontinued on the basis of this legal basis.<\/p>\n<p>You also have the right to object to the processing of your personal data for direct marketing purposes. If you object, your personal data will no longer be processed for direct marketing purposes.<\/p>\n<p>The legality of the data processed up to the time of the objection is not affected by the objection.<\/p>\n<\/p>\n<h2>Right of withdrawal<\/h2>\n<p><p>You have the right to revoke your consent at any time by <a target=\"_blank\" class=\"lwb-ppsp\" href=\"#\" title=\"Privacy settings\">Privacy settings<\/a> change.<\/p>\n<p>If you have consented to receive electronic advertising, you can revoke your consent by clicking on the unsubscribe link. In this case, processing will be discontinued unless another legal basis exists.<\/p>\n<p>The legality of the data processed up to the time of revocation is not affected by the revocation.<\/p>\n<\/p>\n<h2>Data subject rights<\/h2>\n<p><p>You also have the right to information, correction, deletion and restriction of the processing of personal data.<\/p>\n<p>If the legal basis for processing your personal data is your consent or a contract concluded with you, you also have the right to data portability. <\/p>\n<p>Furthermore, you have the right to lodge a complaint with the supervisory authority. Further information on the supervisory authorities in the European Union can be found <a target=\"_blank\" href=\"https:\/\/ec.europa.eu\/justice\/article-29\/structure\/data-protection-authorities\/index_en.htm\" title=\"Data protection authorities\" rel=\"nofollow noopener\">here<\/a>.<\/p><\/p>\n\n<div class=\"wpvgw-quote-text\">\n<h2>Cookies and traffic reports<\/h2>\n<p>We use &quot;session cookies&quot; from VG Wort, Munich, to measure access to texts in order to determine the likelihood of copying. Session cookies are small units of information that a provider stores in the visitor&#039;s computer memory. A session cookie contains a randomly generated, unique identification number, a so-called session ID. Furthermore, a cookie contains information about its origin and the storage period. Session cookies cannot store any other data. These measurements are conducted by Kantar Deutschland GmbH using the Scalable Central Measurement Method (SZM). They help determine the likelihood of individual texts being copied to compensate authors and publishers for their legal claims. We do not collect any personal data via cookies.<\/p>\n<p>Many of our pages contain JavaScript calls, which we use to report access to the German Collective Bargaining Society (VG Wort). This enables our authors to participate in VG Wort&#039;s distributions, which ensure statutory remuneration for the use of copyrighted works in accordance with Section 53 of the German Copyright Act (UrhG).<\/p>\n<p>You can also use our services without cookies. Most browsers are set to accept cookies automatically. However, you can disable cookies or configure your browser to notify you when cookies are sent.<\/p>\n<h2>Data protection declaration for the use of the Scalable Central Measurement Procedure<\/h2>\n<p>Our website and our mobile web offering use the \u201cScalable Central Measurement Method\u201d (SZM) of Kantar Deutschland GmbH to determine statistical parameters for determining the likelihood of texts being copied.<\/p>\n<p>Anonymous measurement data is collected. To recognize computer systems, access measurement uses either a session cookie or a signature created from various automatically transmitted information from your browser. IP addresses are only processed in an anonymized form.<\/p>\n<p>The procedure was developed with data protection in mind. Its sole purpose is to determine the likelihood of individual texts being copied.<\/p>\n<p>At no point are individual users identified. Your identity remains protected at all times. You will not receive any advertising through the system.<\/p>\n<\/div>\n  \r\n            <div class=\"sp-dsgvo sp-sar-form\">\r\n            <form method=\"post\" action=\"https:\/\/www.miles-around.de\/wp-admin\/admin-ajax.php?action=subject-access-request\" class=\"sp-dsgvo-framework\">\r\n                <input type=\"hidden\" id=\"_wpnonce\" name=\"_wpnonce\" value=\"5c8ed2a5e7\" \/><input type=\"hidden\" name=\"_wp_http_referer\" value=\"\/en\/wp-json\/wp\/v2\/pages\/947\" \/>                <fieldset>\r\n\r\n                \t<div class=\"lwb-row\">\r\n                \t\t<div class=\"lwb-col-3\">\r\n                \t\t\t<label for=\"email-field\">First name<\/label>\r\n                \t\t<\/div>\r\n                        <div class=\"lwb-col-6\">\r\n                            <input class=\"w-100\" required type=\"text\" id=\"first-name-field\" name=\"first_name\" value=\"\" placeholder=\"First name\" spellcheck=\"false\" \/>\r\n                        <\/div>\r\n                \t<\/div>\r\n\r\n                    <div class=\"lwb-row\">\r\n                        <div class=\"lwb-col-3\">\r\n                            <label for=\"email-field\">Last name<\/label>\r\n                        <\/div>\r\n                        <div class=\"lwb-col-6\">\r\n                            <input class=\"w-100\" required type=\"text\" id=\"last-name-field\" name=\"last_name\" value=\"\" placeholder=\"Last name\" spellcheck=\"false\" \/>\r\n                        <\/div>\r\n                    <\/div>\r\n\r\n                   <div class=\"lwb-row\">\r\n\t\t\t\t\t\t<div class=\"lwb-col-3\">\r\n                    \t\t<label for=\"email-field\">E-mail<\/label>\r\n\t\t\t\t\t\t<\/div>\r\n                        <div class=\"lwb-col-6\">\r\n                            <input class=\"w-100\" required type=\"email\" id=\"email-field\" name=\"email\" value=\"\" placeholder=\"E-mail\" spellcheck=\"false\" \/>\r\n                        <\/div>\r\n                    <\/div>\r\n                    <div class=\"lwb-row form-row-website-cap\">\r\n                        <div class=\"lwb-col-3\">\r\n                            <label for=\"email-field\">Website<\/label>\r\n                        <\/div>\r\n                        <div class=\"lwb-col-6\">\r\n                            <input class=\"w-100\" type=\"text\" id=\"website\" name=\"website\" value=\"\" placeholder=\"\" spellcheck=\"false\" \/>\r\n                        <\/div>\r\n                    <\/div>\r\n\r\n                    <div class=\"lwb-row\">\r\n\t\t\t\t\t\t<div class=\"lwb-col-12\">\r\n                    \t\t<label for=\"dsgvo-checkbox\">\r\n                   \t\t\t \t<input required type=\"checkbox\" id=\"dsgvo-checkbox\" name=\"dsgvo_checkbox\" value=\"1\" \/>\r\n                   \t\t\t \t<span style=\"font-weight:normal\">\r\n                                                                        I agree to the storage of data for processing in accordance with the GDPR.                                <\/span>\r\n                   \t\t\t <\/label>\r\n\t\t\t\t\t\t<\/div>\r\n                    <\/div>\r\n                    <br>\r\n                    <input type=\"submit\" value=\"Submit request\" \/>\r\n                <\/fieldset>\r\n            <\/form>\r\n    <\/div>\r\n            \n<p>&nbsp;<\/p>","protected":false},"excerpt":{"rendered":"<p>Cookies und Meldungen zu Zugriffszahlen Wir setzen \u201eSession-Cookies\u201c der VG Wort, M\u00fcnchen, zur Messung von Zugriffen auf Texten ein, um die Kopierwahrscheinlichkeit zu erfassen. Session-Cookies sind kleine Informationseinheiten, die ein Anbieter im Arbeitsspeicher des Computers des Besuchers speichert. In einem Session-Cookie wird eine zuf\u00e4llig erzeugte eindeutige Identifikationsnummer abgelegt, eine sogenannte Session-ID. Au\u00dferdem enth\u00e4lt ein Cookie [&hellip;]<\/p>\n","protected":false},"author":1,"featured_media":847,"parent":0,"menu_order":0,"comment_status":"open","ping_status":"open","template":"","meta":{"ocean_post_layout":"","ocean_both_sidebars_style":"","ocean_both_sidebars_content_width":0,"ocean_both_sidebars_sidebars_width":0,"ocean_sidebar":"","ocean_second_sidebar":"","ocean_disable_margins":"enable","ocean_add_body_class":"","ocean_shortcode_before_top_bar":"","ocean_shortcode_after_top_bar":"","ocean_shortcode_before_header":"","ocean_shortcode_after_header":"","ocean_has_shortcode":"","ocean_shortcode_after_title":"","ocean_shortcode_before_footer_widgets":"","ocean_shortcode_after_footer_widgets":"","ocean_shortcode_before_footer_bottom":"","ocean_shortcode_after_footer_bottom":"","ocean_display_top_bar":"default","ocean_display_header":"default","ocean_header_style":"","ocean_center_header_left_menu":"","ocean_custom_header_template":"","ocean_custom_logo":0,"ocean_custom_retina_logo":0,"ocean_custom_logo_max_width":0,"ocean_custom_logo_tablet_max_width":0,"ocean_custom_logo_mobile_max_width":0,"ocean_custom_logo_max_height":0,"ocean_custom_logo_tablet_max_height":0,"ocean_custom_logo_mobile_max_height":0,"ocean_header_custom_menu":"","ocean_menu_typo_font_family":"","ocean_menu_typo_font_subset":"","ocean_menu_typo_font_size":0,"ocean_menu_typo_font_size_tablet":0,"ocean_menu_typo_font_size_mobile":0,"ocean_menu_typo_font_size_unit":"px","ocean_menu_typo_font_weight":"","ocean_menu_typo_font_weight_tablet":"","ocean_menu_typo_font_weight_mobile":"","ocean_menu_typo_transform":"","ocean_menu_typo_transform_tablet":"","ocean_menu_typo_transform_mobile":"","ocean_menu_typo_line_height":0,"ocean_menu_typo_line_height_tablet":0,"ocean_menu_typo_line_height_mobile":0,"ocean_menu_typo_line_height_unit":"","ocean_menu_typo_spacing":0,"ocean_menu_typo_spacing_tablet":0,"ocean_menu_typo_spacing_mobile":0,"ocean_menu_typo_spacing_unit":"","ocean_menu_link_color":"","ocean_menu_link_color_hover":"","ocean_menu_link_color_active":"","ocean_menu_link_background":"","ocean_menu_link_hover_background":"","ocean_menu_link_active_background":"","ocean_menu_social_links_bg":"","ocean_menu_social_hover_links_bg":"","ocean_menu_social_links_color":"","ocean_menu_social_hover_links_color":"","ocean_disable_title":"default","ocean_disable_heading":"default","ocean_post_title":"","ocean_post_subheading":"","ocean_post_title_style":"","ocean_post_title_background_color":"","ocean_post_title_background":0,"ocean_post_title_bg_image_position":"","ocean_post_title_bg_image_attachment":"","ocean_post_title_bg_image_repeat":"","ocean_post_title_bg_image_size":"","ocean_post_title_height":0,"ocean_post_title_bg_overlay":0.5,"ocean_post_title_bg_overlay_color":"","ocean_disable_breadcrumbs":"default","ocean_breadcrumbs_color":"","ocean_breadcrumbs_separator_color":"","ocean_breadcrumbs_links_color":"","ocean_breadcrumbs_links_hover_color":"","ocean_display_footer_widgets":"default","ocean_display_footer_bottom":"default","ocean_custom_footer_template":"","jetpack_post_was_ever_published":false,"footnotes":""},"class_list":["post-947","page","type-page","status-publish","has-post-thumbnail","hentry","entry","has-media"],"jetpack_sharing_enabled":true,"amp_enabled":true,"_links":{"self":[{"href":"https:\/\/www.miles-around.de\/en\/wp-json\/wp\/v2\/pages\/947","targetHints":{"allow":["GET"]}}],"collection":[{"href":"https:\/\/www.miles-around.de\/en\/wp-json\/wp\/v2\/pages"}],"about":[{"href":"https:\/\/www.miles-around.de\/en\/wp-json\/wp\/v2\/types\/page"}],"author":[{"embeddable":true,"href":"https:\/\/www.miles-around.de\/en\/wp-json\/wp\/v2\/users\/1"}],"replies":[{"embeddable":true,"href":"https:\/\/www.miles-around.de\/en\/wp-json\/wp\/v2\/comments?post=947"}],"version-history":[{"count":0,"href":"https:\/\/www.miles-around.de\/en\/wp-json\/wp\/v2\/pages\/947\/revisions"}],"wp:featuredmedia":[{"embeddable":true,"href":"https:\/\/www.miles-around.de\/en\/wp-json\/wp\/v2\/media\/847"}],"wp:attachment":[{"href":"https:\/\/www.miles-around.de\/en\/wp-json\/wp\/v2\/media?parent=947"}],"curies":[{"name":"wp","href":"https:\/\/api.w.org\/{rel}","templated":true}]}}