{"id":816,"date":"2015-06-09T11:55:32","date_gmt":"2015-06-09T09:55:32","guid":{"rendered":"http:\/\/www.miles-around.de\/?page_id=816"},"modified":"2025-02-21T19:21:46","modified_gmt":"2025-02-21T18:21:46","slug":"cooperation","status":"publish","type":"page","link":"https:\/\/www.miles-around.de\/en\/kooperation\/","title":{"rendered":"Cooperation"},"content":{"rendered":"<p><strong>Welcome to miles-around.de,<br><\/strong>Germany&#039;s blog for travel reports \u2013 trip reports \u2013 hotel reviews. We want to take our readers on trips and excursions that are possible despite working full-time. We try to cover a broad spectrum of destinations from all over the world and provide inspiration for unforgettable trips. An overview and detailed user and access data can be found in our media kit, which we are happy to provide on <a href=\"mailto:christian@miles-around.de\">Inquiry<\/a> send.<\/p>\n\n\n\n<h2 class=\"wp-block-heading\">Who or what is miles-around.de and what is our focus?<\/h2>\n\n\n\n<p>miles-around.de was founded in January 2015 by the two travel enthusiasts <a href=\"https:\/\/www.miles-around.de\/en\/author\/christin\/\">Christin<\/a> and <a href=\"https:\/\/www.miles-around.de\/en\/author\/chris\/\">Christian<\/a> The blog focuses on varied travel experiences for discerning couples and families,&nbsp;<a href=\"https:\/\/www.miles-around.de\/en\/trip-reports\/\">Trip reports<\/a>&nbsp;from the world of aviation, reviews of exciting and luxurious&nbsp;<a href=\"https:\/\/www.miles-around.de\/en\/hotel-reviews\/\">Hotel concepts<\/a>, romantic city trips and tips for culinary highlights.<\/p>\n\n\n\n<p>Our travel blog miles-around.de brings together people with permanent residence who travel once or several times a year as a hobby. The target group is between the ages of 20 and 60 and has both feet firmly planted in everyday life. The term &quot;travel&quot; is now also often used for this purpose.&nbsp;<i>Flashpacker<\/i>&nbsp;used. On miles-around.de, we don&#039;t just want to limit ourselves to text; we also want to bring our travel reports to life visually, with appealing photos and videos.<\/p>\n\n\n\n<p>We welcome contact from airlines where we can experience and report on new in-flight products, lounges, or aircraft, hotels or hotel chains for whose properties we can act as ambassadors, and inquiries from vacation destinations that would like their location featured on our blog. We are also always delighted to receive invitations to events, to participate in press trips, or to tailor-made research trips. These offer us optimal opportunities for on-site reporting.<\/p>\n\n\n\n<h2 class=\"wp-block-heading\">Area of application for cooperation<\/h2>\n\n\n\n<ul class=\"wp-block-list\">\n<li>Short, welcome breaks from everyday life, e.g. city trips, day trips and weekend excursions<\/li>\n\n\n\n<li>exclusive worldwide trips from the metropolises to the jungle<\/li>\n\n\n\n<li>the colorful world of aviation<\/li>\n\n\n\n<li>Exciting hotel concepts and high-class accommodations with a feel-good ambience, luxury hotels and exceptional accommodations<\/li>\n\n\n\n<li>Island paradises and dream beaches<\/li>\n\n\n\n<li>Beach trips, nature experiences and entertainment elements such as theme parks<\/li>\n\n\n\n<li>Travel-related topics such as planning, photography, gadgets and other practical tips<\/li>\n\n\n\n<li>Cars and road trips<\/li>\n\n\n\n<li>Food and Fine Dining<\/li>\n<\/ul>\n\n\n\n<h2 class=\"wp-block-heading\">What do we offer?<\/h2>\n\n\n\n<ul class=\"wp-block-list\">\n<li><strong>Long-term cooperation<\/strong> e.g. as a brand ambassador<\/li>\n\n\n\n<li><strong>Blogger or press trips\u00a0<\/strong>with authentic posts, daily social media activities &amp; photos<\/li>\n\n\n\n<li><strong>Cooperations<\/strong> with airlines, hotels, destinations, tour operators or PR agencies<\/li>\n\n\n\n<li><strong>Tests and reviews<\/strong> various tourism products (hotels, accommodations, travel apps, trips, tours, attractions, equipment or similar)<\/li>\n\n\n\n<li><strong>sponsored blog posts<\/strong> with a post on the main page of the blog and social media activities<\/li>\n\n\n\n<li><strong>Advertorials<\/strong> with a post on the main page of the blog and social media activities<\/li>\n\n\n\n<li><strong>Test reports and product tests <\/strong>e.g. from the areas of photography, electronics or travel<\/li>\n\n\n\n<li><strong>Images <\/strong>for your use (sale of image usage rights)<\/li>\n\n\n\n<li><strong>Competitions<\/strong> to market your products or services via our blog and our social media channels<\/li>\n<\/ul>\n\n\n\n<h2 class=\"wp-block-heading\">What are our highlights so far?<\/h2>\n\n\n\n<ul class=\"wp-block-list\">\n<li>Press trip: <a href=\"https:\/\/www.miles-around.de\/en\/travel-destinations\/asia-6\/singapore-2\/preparing-for-the-maiden-flight-with-the-airbus-a350-to-singapore\/\">Green Singapore<\/a><\/li>\n\n\n\n<li>Travels include: seven weeks across <a href=\"https:\/\/www.miles-around.de\/en\/reisen\/2011\/suedostasien\/\">Southeast Asia<\/a>, several times in the USA (among others\u00a0<a href=\"https:\/\/www.miles-around.de\/en\/reisen\/2011\/new-york-city\/\">2011 \u2013 New York City<\/a>, <a href=\"https:\/\/www.miles-around.de\/en\/reisen\/2013\/indian-summer\/\">2013 \u2013 Indian Summer<\/a>\u00a0or\u00a0<a href=\"https:\/\/www.miles-around.de\/en\/reisen\/2014\/westkueste-nordamerika\/\">2014 \u2013 West Coast<\/a>)<\/li>\n\n\n\n<li>Hotels including:\u00a0<a title=\"Hotel review: The Ritz-Carlton Millenia Singapore\" data-wpel-link=\"internal\" href=\"https:\/\/www.miles-around.de\/en\/hotel-reviews\/hotel-bewertung-ritz-carlton-millenia-singapore\/\" rel=\"bookmark\">The Ritz-Carlton Millenia Singapore<\/a>,\u00a0<a title=\"Hotel Review: Hilton Garden Inn Davos\" data-wpel-link=\"internal\" href=\"https:\/\/www.miles-around.de\/en\/hotel-reviews\/hotel-bewertung-hilton-garden-inn-davos\/\" rel=\"bookmark\">Hilton Garden Inn Davos<\/a>,\u00a0<a href=\"https:\/\/www.miles-around.de\/en\/allgemein\/hotel-review-the-peninsula-chicago\/\">The Peninsula Chicago<\/a>,\u00a0<a href=\"http:\/\/www.miles-around.de\/en\/hotel-reviews\/the-danna-langkawi\/\">The Danna Langkawi<\/a>\u00a0and <a href=\"http:\/\/www.miles-around.de\/en\/hotel-reviews\/tower-club-at-lebua\/\">Tower Club at lebua<\/a><\/li>\n\n\n\n<li>Aviation, among others: <a href=\"http:\/\/www.miles-around.de\/en\/trip-reports\/first-class\/lufthansa-boeing-747-400-first-class-frankfurt-to-vancouver\/\">First Class with Lufthansa in the Boeing 747-400<\/a>,\u00a0<a href=\"http:\/\/www.miles-around.de\/en\/trip-reports\/first-class\/emirates-airbus-a380-800-first-class-bangkok-to-hong-kong\/\">First Class with Emirates Airbus A380<\/a>\u00a0and <a href=\"https:\/\/www.miles-around.de\/en\/trip-reports\/business-class\/across-the-water-on-a-747-calling-america\/\">Business Class with British Airways<\/a><\/li>\n<\/ul>\n\n\n\n<h2 class=\"wp-block-heading\">Miles Around in the press<\/h2>\n\n\n\n<p>Publications, interviews and mentions in other media.<\/p>\n\n\n\n<figure class=\"wp-block-table\"><table class=\"has-fixed-layout\"><tbody><tr><td><figure><img loading=\"lazy\" decoding=\"async\" class=\"aligncenter wp-image-4790 size-full\" src=\"\/\/www.miles-around.de\/wp-content\/uploads\/2015\/08\/goeuro.png\" alt=\"GoEuro\" width=\"120\" height=\"23\" title=\"\"><\/figure><\/td><td>25 insider tips in Europe: Travel bloggers reveal their favorite places \u2013 GoEuro DE Blog<\/td><\/tr><tr><td><figure><img loading=\"lazy\" decoding=\"async\" class=\"aligncenter wp-image-7767\" src=\"https:\/\/www.miles-around.de\/wp-content\/uploads\/2015\/06\/eat-sleep-love-travel.png\" alt=\"Eat Sleep Love Travel\" width=\"120\" height=\"17\" title=\"\"><\/figure><\/td><td><a href=\"https:\/\/eatsleeplovetravel.com\/2015\/09\/14\/guest-post-miles-around\/\" target=\"_blank\" rel=\"nofollow noopener noreferrer\">Interview by EatSleepLoveTravel (September 2015)<\/a><\/td><\/tr><\/tbody><\/table><\/figure>\n\n\n\n<h2 class=\"wp-block-heading\">Previous collaborations<\/h2>\n\n\n\n<figure class=\"wp-block-table\"><table class=\"has-fixed-layout\"><tbody><tr><td><figure><img loading=\"lazy\" decoding=\"async\" class=\"aligncenter wp-image-3903 size-full\" src=\"https:\/\/www.miles-around.de\/wp-content\/uploads\/2015\/06\/the-danna-langkawi-logo.jpg\" alt=\"Cooperation with The Danna Langkawi\" width=\"230\" height=\"165\" title=\"\"><\/figure><\/td><td><figure><img loading=\"lazy\" decoding=\"async\" class=\"aligncenter wp-image-3906 size-full\" src=\"https:\/\/www.miles-around.de\/wp-content\/uploads\/2015\/06\/grand-mercure-roxy-singapore-e1435052564661.jpg\" alt=\"Cooperation with Grand Mercure Roxy Singapore\" width=\"230\" height=\"177\" title=\"\"><\/figure><\/td><td><figure><img loading=\"lazy\" decoding=\"async\" class=\"aligncenter wp-image-4448 size-full\" src=\"https:\/\/www.miles-around.de\/wp-content\/uploads\/2015\/07\/regiondo.jpg\" alt=\"Cooperation with Regiondo\" width=\"230\" height=\"61\" title=\"\"><\/figure><\/td><td><figure><img loading=\"lazy\" decoding=\"async\" class=\"aligncenter wp-image-7107\" src=\"https:\/\/www.miles-around.de\/wp-content\/uploads\/2016\/04\/the-peninsula-chicago.jpg\" alt=\"Cooperation with The Peninsula Chicago\" width=\"230\" height=\"230\" title=\"\" srcset=\"https:\/\/www.miles-around.de\/wp-content\/uploads\/2016\/04\/the-peninsula-chicago.jpg 1024w, https:\/\/www.miles-around.de\/wp-content\/uploads\/2016\/04\/the-peninsula-chicago-300x300.jpg 300w, https:\/\/www.miles-around.de\/wp-content\/uploads\/2016\/04\/the-peninsula-chicago-65x65.jpg 65w, https:\/\/www.miles-around.de\/wp-content\/uploads\/2016\/04\/the-peninsula-chicago-160x160.jpg 160w, https:\/\/www.miles-around.de\/wp-content\/uploads\/2016\/04\/the-peninsula-chicago-320x320.jpg 320w\" sizes=\"auto, (max-width: 230px) 100vw, 230px\" \/><\/figure><\/td><td><figure><img loading=\"lazy\" decoding=\"async\" class=\"aligncenter wp-image-2357 size-full\" src=\"https:\/\/www.miles-around.de\/wp-content\/uploads\/2015\/04\/lufthansa.jpg\" alt=\"Lufthansa\" width=\"180\" height=\"63\" title=\"\"><\/figure><\/td><\/tr><tr><td><figure><img loading=\"lazy\" decoding=\"async\" class=\"aligncenter wp-image-9797\" src=\"https:\/\/www.miles-around.de\/wp-content\/uploads\/2016\/10\/the-ritz-carlton.png\" alt=\"The Ritz-Carlton\" width=\"230\" height=\"162\" title=\"\"><\/figure><\/td><td><figure><img loading=\"lazy\" decoding=\"async\" class=\"aligncenter wp-image-9799\" src=\"https:\/\/www.miles-around.de\/wp-content\/uploads\/2016\/10\/hilton-garden-inn-1024x400.png\" alt=\"Hilton Garden Inn\" width=\"230\" height=\"90\" title=\"\"><\/figure><\/td><td><figure><img loading=\"lazy\" decoding=\"async\" class=\"aligncenter wp-image-9801\" src=\"https:\/\/www.miles-around.de\/wp-content\/uploads\/2016\/10\/singapore-airlines-1024x374.png\" alt=\"Singapore Airlines\" width=\"230\" height=\"84\" title=\"\" srcset=\"https:\/\/www.miles-around.de\/wp-content\/uploads\/2016\/10\/singapore-airlines-1024x374.png 1024w, https:\/\/www.miles-around.de\/wp-content\/uploads\/2016\/10\/singapore-airlines.png 1280w\" sizes=\"auto, (max-width: 230px) 100vw, 230px\" \/><\/figure><\/td><td>&nbsp;<\/td><td>&nbsp;<\/td><\/tr><\/tbody><\/table><\/figure>\n\n\n\n<p>Please send inquiries for advertising, online marketing, image rights or cooperation to:&nbsp;<a href=\"mailto:christian@miles-around.de\">christian@miles-around.de<\/a><\/p>\n\n\n\n<p>Our work is based on the <a href=\"http:\/\/www.reiseblogger-kodex.com\/reiseblogger-kodex\/\" target=\"_blank\" rel=\"nofollow noopener noreferrer\">Travel Blogger Code<\/a>All advertising is clearly marked as such. As a general rule, we only recommend offers that we have tested ourselves and have been able to form our own opinions about.<\/p>","protected":false},"excerpt":{"rendered":"<p>Herzlich Willkommen bei miles-around.de,Deutschlands Blog f\u00fcr Reiseberichte &#8211; Trip Reports &#8211; Hotel Reviews.&nbsp;Wir m\u00f6chten unsere Leser auf Reisen und Ausfl\u00fcge mitnehmen, die trotz Vollzeitarbeitsstelle m\u00f6glich sind. Dabei versuchen wir ein breites Spektrum an Zielen aus aller Welt abzubilden und Anregungen f\u00fcr unvergessliche Reisen zu liefern.&nbsp;Eine \u00dcbersicht und ausf\u00fchrliche Benutzer- bzw. Zugriffsdaten sind&nbsp;in unserem Mediakit zu [&hellip;]<\/p>\n","protected":false},"author":1,"featured_media":0,"parent":0,"menu_order":0,"comment_status":"open","ping_status":"open","template":"","meta":{"ocean_post_layout":"","ocean_both_sidebars_style":"","ocean_both_sidebars_content_width":0,"ocean_both_sidebars_sidebars_width":0,"ocean_sidebar":"","ocean_second_sidebar":"","ocean_disable_margins":"enable","ocean_add_body_class":"","ocean_shortcode_before_top_bar":"","ocean_shortcode_after_top_bar":"","ocean_shortcode_before_header":"","ocean_shortcode_after_header":"","ocean_has_shortcode":"","ocean_shortcode_after_title":"","ocean_shortcode_before_footer_widgets":"","ocean_shortcode_after_footer_widgets":"","ocean_shortcode_before_footer_bottom":"","ocean_shortcode_after_footer_bottom":"","ocean_display_top_bar":"default","ocean_display_header":"default","ocean_header_style":"","ocean_center_header_left_menu":"","ocean_custom_header_template":"","ocean_custom_logo":0,"ocean_custom_retina_logo":0,"ocean_custom_logo_max_width":0,"ocean_custom_logo_tablet_max_width":0,"ocean_custom_logo_mobile_max_width":0,"ocean_custom_logo_max_height":0,"ocean_custom_logo_tablet_max_height":0,"ocean_custom_logo_mobile_max_height":0,"ocean_header_custom_menu":"","ocean_menu_typo_font_family":"","ocean_menu_typo_font_subset":"","ocean_menu_typo_font_size":0,"ocean_menu_typo_font_size_tablet":0,"ocean_menu_typo_font_size_mobile":0,"ocean_menu_typo_font_size_unit":"px","ocean_menu_typo_font_weight":"","ocean_menu_typo_font_weight_tablet":"","ocean_menu_typo_font_weight_mobile":"","ocean_menu_typo_transform":"","ocean_menu_typo_transform_tablet":"","ocean_menu_typo_transform_mobile":"","ocean_menu_typo_line_height":0,"ocean_menu_typo_line_height_tablet":0,"ocean_menu_typo_line_height_mobile":0,"ocean_menu_typo_line_height_unit":"","ocean_menu_typo_spacing":0,"ocean_menu_typo_spacing_tablet":0,"ocean_menu_typo_spacing_mobile":0,"ocean_menu_typo_spacing_unit":"","ocean_menu_link_color":"","ocean_menu_link_color_hover":"","ocean_menu_link_color_active":"","ocean_menu_link_background":"","ocean_menu_link_hover_background":"","ocean_menu_link_active_background":"","ocean_menu_social_links_bg":"","ocean_menu_social_hover_links_bg":"","ocean_menu_social_links_color":"","ocean_menu_social_hover_links_color":"","ocean_disable_title":"default","ocean_disable_heading":"default","ocean_post_title":"","ocean_post_subheading":"","ocean_post_title_style":"","ocean_post_title_background_color":"","ocean_post_title_background":0,"ocean_post_title_bg_image_position":"","ocean_post_title_bg_image_attachment":"","ocean_post_title_bg_image_repeat":"","ocean_post_title_bg_image_size":"","ocean_post_title_height":0,"ocean_post_title_bg_overlay":0.5,"ocean_post_title_bg_overlay_color":"","ocean_disable_breadcrumbs":"default","ocean_breadcrumbs_color":"","ocean_breadcrumbs_separator_color":"","ocean_breadcrumbs_links_color":"","ocean_breadcrumbs_links_hover_color":"","ocean_display_footer_widgets":"default","ocean_display_footer_bottom":"default","ocean_custom_footer_template":"","footnotes":""},"class_list":["post-816","page","type-page","status-publish","hentry","entry"],"jetpack_sharing_enabled":true,"amp_enabled":false,"_links":{"self":[{"href":"https:\/\/www.miles-around.de\/en\/wp-json\/wp\/v2\/pages\/816","targetHints":{"allow":["GET"]}}],"collection":[{"href":"https:\/\/www.miles-around.de\/en\/wp-json\/wp\/v2\/pages"}],"about":[{"href":"https:\/\/www.miles-around.de\/en\/wp-json\/wp\/v2\/types\/page"}],"author":[{"embeddable":true,"href":"https:\/\/www.miles-around.de\/en\/wp-json\/wp\/v2\/users\/1"}],"replies":[{"embeddable":true,"href":"https:\/\/www.miles-around.de\/en\/wp-json\/wp\/v2\/comments?post=816"}],"version-history":[{"count":0,"href":"https:\/\/www.miles-around.de\/en\/wp-json\/wp\/v2\/pages\/816\/revisions"}],"wp:attachment":[{"href":"https:\/\/www.miles-around.de\/en\/wp-json\/wp\/v2\/media?parent=816"}],"curies":[{"name":"wp","href":"https:\/\/api.w.org\/{rel}","templated":true}]}}