{"id":4900,"date":"2015-09-03T09:02:38","date_gmt":"2015-09-03T07:02:38","guid":{"rendered":"http:\/\/www.miles-around.de\/?page_id=4900"},"modified":"2016-01-06T16:11:02","modified_gmt":"2016-01-06T15:11:02","slug":"recommendations","status":"publish","type":"page","link":"https:\/\/www.miles-around.de\/en\/empfehlungen\/","title":{"rendered":"Recommendations \u2013 Useful and practical information for your trip"},"content":{"rendered":"<h1>The best tips, useful equipment recommendations and practical tools<\/h1>\n<p>This is your resource list to ensure you&#039;re fully prepared for your adventure! We use all the gear and tools on this list ourselves and find them so useful that we can wholeheartedly recommend them to you.<\/p>\n<p>We&#039;re often asked which camera we use for photography, which suitcase or backpack we have, or where we always find the cheapest flights and hotels. You&#039;ll find the answers on this page. Check back often, as we update this list regularly. We hope we can provide you with the best information. Enjoy browsing!<\/p>\n<h2>What is the best suitcase?<\/h2>\n<p>Choosing the perfect suitcase for frequent or infrequent flyers isn&#039;t easy. We&#039;ve taken the following into account when selecting our luggage:<\/p>\n<ul>\n<li>The base weight should be as low as possible so that you can pack more things that are important to you on your trip.<\/li>\n<li>The suitcase should be quite sturdy so that it can withstand the stresses of traveling.<\/li>\n<li>A sturdy telescopic handle for significantly improved handling.<\/li>\n<li>Four larger wheels that rotate in all directions make your life easier.<\/li>\n<li>A permanently installed\u00a0<a href=\"https:\/\/de.wikipedia.org\/wiki\/TSA-Schloss\" target=\"_blank\" rel=\"nofollow noopener\">TSA lock<\/a>so that your things arrive safely at their destination.<\/li>\n<\/ul>\n<figure id=\"attachment_168\" aria-describedby=\"caption-attachment-168\" style=\"width: 1024px\" class=\"wp-caption aligncenter\"><a href=\"http:\/\/www.miles-around.de\/wp-content\/uploads\/2015\/01\/lufthansa-check-in-schalter.jpg\"><img loading=\"lazy\" decoding=\"async\" class=\"size-medium wp-image-168\" src=\"\/\/www.miles-around.de\/wp-content\/uploads\/2015\/01\/2015-01-17-at-12-54-40-1024x576.jpg\" alt=\"Lufthansa Check-In Counter\" width=\"1024\" height=\"576\" data-wp-pid=\"168\" title=\"\"><\/a><figcaption id=\"caption-attachment-168\" class=\"wp-caption-text\">Lufthansa Check-In Counter<\/figcaption><\/figure>\n<h3>Hard shell or soft luggage?<\/h3>\n<p>Hard-shell or soft-shell luggage? Those who prefer a more flexible option swear by suitcases made of so-called soft-case materials like polyester or nylon. The zippered pockets, which are often sewn on, can be used to store documents or anything else you need to have handy. However, such soft-shell suitcases are often crushed by other luggage and are prone to tearing. We therefore highly recommend hard-shell suitcases and trolleys made of particularly lightweight and durable polycarbonate. We chose hard-shell suitcases from the German manufacturer Titan because of their best value for money.<\/p>\n<h3>Our suitcases<\/h3>\n<h4>TITAN Backstage Shark Skin Platinum (size L, capacity 95l)<\/h4>\n<table>\n<tbody>\n<tr>\n<td><iframe loading=\"lazy\" style=\"width: 120px; height: 240px;\" src=\"\/\/ws-eu.amazon-adsystem.com\/widgets\/q?ServiceVersion=20070822&amp;OneJS=1&amp;Operation=GetAdHtml&amp;MarketPlace=DE&amp;source=ss&amp;ref=ss_til&amp;ad_type=product_link&amp;tracking_id=chrvsthewor-21&amp;marketplace=amazon&amp;region=DE&amp;placement=B00AGUT7K8&amp;asins=B00AGUT7K8&amp;linkId=&amp;show_border=true&amp;link_opens_in_new_window=true\" width=\"300\" height=\"150\" frameborder=\"0\" marginwidth=\"0\" marginheight=\"0\" scrolling=\"no\"><br \/>\n<\/iframe><\/td>\n<td>\n<p>The <a style=\"font-family: inherit; font-size: inherit; line-height: 1.5;\" href=\"http:\/\/www.miles-around.de\/en\/ext\/AmazonTITANBackstagePlatin\/\" target=\"_blank\" rel=\"nofollow\">TITAN Backstage Shark Skin Platinum<\/a>\u00a0was our first suitcase and has been with us since 2011. This trolley has everything that defines first-class luggage: a robust polycarbonate shell, a luxurious interior, and a striking silver finish that really turns heads and is difficult to mistake on the baggage carousel.<\/p>\n<p>We use the suitcase for trips of 10 to 14 days (depending on the season). The four ball-bearing, 360\u00b0 smooth-running wheels perform particularly well, even after several kilometers on a variety of surfaces. It&#039;s practical that you can pack the suitcase from both sides, which are separated by the integrated zippered dividers. Furthermore, the contents are secured with continuously adjustable packing straps. This means that everything doesn&#039;t fall out when you open the suitcase. For trips to the USA, a TSA lock is absolutely essential for us. <a href=\"http:\/\/www.miles-around.de\/en\/ext\/AmazonTITANBackstagePlatin\/\" target=\"_blank\" rel=\"nofollow\">TITAN Backstage<\/a> This is integrated and firmly connected to the case.<\/p>\n<p>Shopping: <a href=\"http:\/\/www.miles-around.de\/en\/ext\/AmazonTITANBackstagePlatin\/\" target=\"_blank\" rel=\"nofollow\">Amazon<\/a>\u00a0or\u00a0<a href=\"http:\/\/www.miles-around.de\/en\/ext\/KofferDirektTITANBackstagePlatin\/\" target=\"_blank\" rel=\"nofollow\">suitcase-direct<\/a><\/td>\n<\/tr>\n<\/tbody>\n<\/table>\n<h4>TITAN Backstage Shark Skin Black (Size M, Capacity 60l)<\/h4>\n<table>\n<tbody>\n<tr>\n<td><iframe loading=\"lazy\" style=\"width: 120px; height: 240px;\" src=\"\/\/ws-eu.amazon-adsystem.com\/widgets\/q?ServiceVersion=20070822&amp;OneJS=1&amp;Operation=GetAdHtml&amp;MarketPlace=DE&amp;source=ss&amp;ref=ss_til&amp;ad_type=product_link&amp;tracking_id=chrvsthewor-21&amp;marketplace=amazon&amp;region=DE&amp;placement=B00AGUT7IA&amp;asins=B00AGUT7IA&amp;linkId=&amp;show_border=true&amp;link_opens_in_new_window=true\" width=\"300\" height=\"150\" frameborder=\"0\" marginwidth=\"0\" marginheight=\"0\" scrolling=\"no\"><br \/>\n<\/iframe><\/td>\n<td>\n<p>To match our first travel suitcase, we got the smaller brother <a href=\"http:\/\/www.miles-around.de\/en\/ext\/AmazonTITANBackstageSchwarz\/\" target=\"_blank\" rel=\"nofollow\">TITAN Backstage Shark Skin Black<\/a> in size M. Except for the smaller capacity of 60 l (dimensions 40 x 64 x 26 cm), it has exactly the same features as our larger version, making it a perfect second piece of luggage.<\/p>\n<p>We like to use the suitcase for short trips or as a second piece of luggage for stays longer than two weeks. After a few flights, we find that the surface of the\u00a0<a href=\"http:\/\/www.miles-around.de\/en\/ext\/AmazonTITANBackstageSchwarz\/\" target=\"_blank\" rel=\"nofollow\">TITAN Backstage Shark Skin Black<\/a>\u00a0is much more resistant than the silver one. On the platinum-colored outer skin of the\u00a0<a style=\"font-family: inherit; font-size: inherit; line-height: 1.5;\" href=\"http:\/\/www.miles-around.de\/en\/ext\/AmazonTITANBackstagePlatin\/\" target=\"_blank\" rel=\"nofollow\">TITAN Backstage Shark Skin Platinum<\/a>\u00a0the black marks from the baggage belts are more noticeable.<\/p>\n<p>Shopping:\u00a0<a href=\"http:\/\/www.miles-around.de\/en\/ext\/AmazonTITANBackstageSchwarz\/\" target=\"_blank\" rel=\"nofollow\">Amazon<\/a>\u00a0or\u00a0<a href=\"http:\/\/www.miles-around.de\/en\/ext\/KofferDirectTITANBackstageSchwarz\/\" target=\"_blank\" rel=\"nofollow\">suitcase-direct<\/a><\/td>\n<\/tr>\n<\/tbody>\n<\/table>\n<h2>What is the best camera equipment for traveling?<\/h2>\n<h3>Mantona Rhodolit photo backpack<\/h3>\n<p>For a long time, we traveled around the world with a camera bag. But when you&#039;re on the go all day, your shoulders start to hurt quite a bit by the evening. So we looked for a comfortable and sufficiently large camera backpack that also offered space for our tripod. We chose the Mantona Rhodolit (<a href=\"https:\/\/www.miles-around.de\/en\/ext\/AmazonMantonaRhodolit\/\" target=\"_blank\" rel=\"nofollow\">Link to Amazon<\/a>).<\/p>\n<figure id=\"attachment_6040\" aria-describedby=\"caption-attachment-6040\" style=\"width: 1024px\" class=\"wp-caption aligncenter\"><a href=\"https:\/\/www.miles-around.de\/wp-content\/uploads\/2015\/09\/mantona-rhodolit-fotorucksack.jpg\"><img loading=\"lazy\" decoding=\"async\" class=\"size-medium wp-image-6040\" src=\"https:\/\/www.miles-around.de\/wp-content\/uploads\/2015\/09\/mantona-rhodolit-fotorucksack-1024x575.jpg\" alt=\"Mantona Rhodolit photo backpack\" width=\"1024\" height=\"575\" data-wp-pid=\"6040\" title=\"\" srcset=\"https:\/\/www.miles-around.de\/wp-content\/uploads\/2015\/09\/mantona-rhodolit-fotorucksack-1024x575.jpg 1024w, https:\/\/www.miles-around.de\/wp-content\/uploads\/2015\/09\/mantona-rhodolit-fotorucksack.jpg 1440w\" sizes=\"auto, (max-width: 1024px) 100vw, 1024px\" \/><\/a><figcaption id=\"caption-attachment-6040\" class=\"wp-caption-text\">Mantona Rhodolit photo backpack<\/figcaption><\/figure>\n<table>\n<tbody>\n<tr>\n<td><iframe loading=\"lazy\" style=\"width: 120px; height: 240px;\" src=\"\/\/ws-eu.amazon-adsystem.com\/widgets\/q?ServiceVersion=20070822&amp;OneJS=1&amp;Operation=GetAdHtml&amp;MarketPlace=DE&amp;source=ss&amp;ref=ss_til&amp;ad_type=product_link&amp;tracking_id=chrvsthewor-21&amp;marketplace=amazon&amp;region=DE&amp;placement=B004JIWSMC&amp;asins=B004JIWSMC&amp;linkId=&amp;show_border=true&amp;link_opens_in_new_window=true\" width=\"300\" height=\"150\" frameborder=\"0\" marginwidth=\"0\" marginheight=\"0\" scrolling=\"no\"><\/iframe><\/td>\n<td>\n<p>The <a href=\"https:\/\/www.miles-around.de\/en\/ext\/AmazonMantonaRhodolit\/\" target=\"_blank\" rel=\"nofollow\">Mantona Rhodolit photo backpack<\/a>\u00a0It&#039;s made of nylon and is extremely sturdy yet lightweight. It offers plenty of space for our camera equipment. The size of the individual compartments can be customized using the freely adjustable Velcro dividers. Large compartments on both sides of the backpack, secured with buckles and zippers, provide access to the camera. The innovative carrying system allows the backpack to be converted into a single-strap system. This allows you to easily swing the backpack forward and grab your camera from the left or right when needed.<\/p>\n<p>Shopping: <a href=\"https:\/\/www.miles-around.de\/en\/ext\/AmazonMantonaRhodolit\/\" target=\"_blank\" rel=\"nofollow\">Link to Amazon<\/a><\/td>\n<\/tr>\n<\/tbody>\n<\/table>\n<p>&nbsp;<\/p>","protected":false},"excerpt":{"rendered":"<p>Die besten Tipps, n\u00fctzliche Ausr\u00fcstungsempfehlungen und praktische Tools Dies ist deine Ressourcenliste, um sicher zu gehen, dass du bestens f\u00fcr dein Abenteuer vorbereitet bist!\u00a0Alle Ausr\u00fcstungsgegenst\u00e4nde und Tools aus dieser Liste nutzen wir selbst und finden sie so n\u00fctzlich, dass wir sie dir uneingeschr\u00e4nkt weiterempfehlen k\u00f6nnen. Oft werden wir gefragt, welche Kamera wir zum Fotografieren nutzen, [&hellip;]<\/p>\n","protected":false},"author":1,"featured_media":0,"parent":0,"menu_order":0,"comment_status":"closed","ping_status":"closed","template":"","meta":{"ocean_post_layout":"","ocean_both_sidebars_style":"","ocean_both_sidebars_content_width":0,"ocean_both_sidebars_sidebars_width":0,"ocean_sidebar":"","ocean_second_sidebar":"","ocean_disable_margins":"enable","ocean_add_body_class":"","ocean_shortcode_before_top_bar":"","ocean_shortcode_after_top_bar":"","ocean_shortcode_before_header":"","ocean_shortcode_after_header":"","ocean_has_shortcode":"","ocean_shortcode_after_title":"","ocean_shortcode_before_footer_widgets":"","ocean_shortcode_after_footer_widgets":"","ocean_shortcode_before_footer_bottom":"","ocean_shortcode_after_footer_bottom":"","ocean_display_top_bar":"default","ocean_display_header":"default","ocean_header_style":"","ocean_center_header_left_menu":"","ocean_custom_header_template":"","ocean_custom_logo":0,"ocean_custom_retina_logo":0,"ocean_custom_logo_max_width":0,"ocean_custom_logo_tablet_max_width":0,"ocean_custom_logo_mobile_max_width":0,"ocean_custom_logo_max_height":0,"ocean_custom_logo_tablet_max_height":0,"ocean_custom_logo_mobile_max_height":0,"ocean_header_custom_menu":"","ocean_menu_typo_font_family":"","ocean_menu_typo_font_subset":"","ocean_menu_typo_font_size":0,"ocean_menu_typo_font_size_tablet":0,"ocean_menu_typo_font_size_mobile":0,"ocean_menu_typo_font_size_unit":"px","ocean_menu_typo_font_weight":"","ocean_menu_typo_font_weight_tablet":"","ocean_menu_typo_font_weight_mobile":"","ocean_menu_typo_transform":"","ocean_menu_typo_transform_tablet":"","ocean_menu_typo_transform_mobile":"","ocean_menu_typo_line_height":0,"ocean_menu_typo_line_height_tablet":0,"ocean_menu_typo_line_height_mobile":0,"ocean_menu_typo_line_height_unit":"","ocean_menu_typo_spacing":0,"ocean_menu_typo_spacing_tablet":0,"ocean_menu_typo_spacing_mobile":0,"ocean_menu_typo_spacing_unit":"","ocean_menu_link_color":"","ocean_menu_link_color_hover":"","ocean_menu_link_color_active":"","ocean_menu_link_background":"","ocean_menu_link_hover_background":"","ocean_menu_link_active_background":"","ocean_menu_social_links_bg":"","ocean_menu_social_hover_links_bg":"","ocean_menu_social_links_color":"","ocean_menu_social_hover_links_color":"","ocean_disable_title":"default","ocean_disable_heading":"default","ocean_post_title":"","ocean_post_subheading":"","ocean_post_title_style":"","ocean_post_title_background_color":"","ocean_post_title_background":0,"ocean_post_title_bg_image_position":"","ocean_post_title_bg_image_attachment":"","ocean_post_title_bg_image_repeat":"","ocean_post_title_bg_image_size":"","ocean_post_title_height":0,"ocean_post_title_bg_overlay":0.5,"ocean_post_title_bg_overlay_color":"","ocean_disable_breadcrumbs":"default","ocean_breadcrumbs_color":"","ocean_breadcrumbs_separator_color":"","ocean_breadcrumbs_links_color":"","ocean_breadcrumbs_links_hover_color":"","ocean_display_footer_widgets":"default","ocean_display_footer_bottom":"default","ocean_custom_footer_template":"","jetpack_post_was_ever_published":false,"footnotes":""},"class_list":["post-4900","page","type-page","status-publish","hentry","entry"],"jetpack_sharing_enabled":true,"amp_enabled":true,"_links":{"self":[{"href":"https:\/\/www.miles-around.de\/en\/wp-json\/wp\/v2\/pages\/4900","targetHints":{"allow":["GET"]}}],"collection":[{"href":"https:\/\/www.miles-around.de\/en\/wp-json\/wp\/v2\/pages"}],"about":[{"href":"https:\/\/www.miles-around.de\/en\/wp-json\/wp\/v2\/types\/page"}],"author":[{"embeddable":true,"href":"https:\/\/www.miles-around.de\/en\/wp-json\/wp\/v2\/users\/1"}],"replies":[{"embeddable":true,"href":"https:\/\/www.miles-around.de\/en\/wp-json\/wp\/v2\/comments?post=4900"}],"version-history":[{"count":0,"href":"https:\/\/www.miles-around.de\/en\/wp-json\/wp\/v2\/pages\/4900\/revisions"}],"wp:attachment":[{"href":"https:\/\/www.miles-around.de\/en\/wp-json\/wp\/v2\/media?parent=4900"}],"curies":[{"name":"wp","href":"https:\/\/api.w.org\/{rel}","templated":true}]}}