{"id":1165,"date":"2016-04-22T07:27:26","date_gmt":"2016-04-22T05:27:26","guid":{"rendered":"http:\/\/www.miles-around.de\/?page_id=1165"},"modified":"2022-11-06T08:35:09","modified_gmt":"2022-11-06T07:35:09","slug":"our-team","status":"publish","type":"page","link":"https:\/\/www.miles-around.de\/en\/unser-team\/","title":{"rendered":"Our team"},"content":{"rendered":"<div class=\"wp-block-columns is-layout-flex wp-container-core-columns-is-layout-9d6595d7 wp-block-columns-is-layout-flex\">\n<div class=\"wp-block-column is-layout-flow wp-block-column-is-layout-flow\">\n<p><strong>miles-around, Germany&#039;s blog for travel reports \u2013 trip reports \u2013 hotel reviews, was founded in January 2015 by two travel enthusiasts, Christin and Christian. The blog focuses on diverse travel experiences for discerning couples, trip reports from the world of aviation, reviews of exciting and luxurious hotel concepts, romantic city trips, and tips for culinary highlights.<\/strong><\/p>\n\n\n\n<p>We want to take our readers on trips and excursions that are possible even while working full-time. We strive to cover a wide range of destinations from all over the world and provide inspiration for unforgettable trips.<\/p>\n<\/div>\n\n\n\n<div class=\"wp-block-column is-layout-flow wp-block-column-is-layout-flow\" style=\"flex-basis:65%\">\n<figure class=\"wp-block-image size-full\"><img loading=\"lazy\" decoding=\"async\" width=\"2000\" height=\"2000\" src=\"https:\/\/www.miles-around.de\/wp-content\/uploads\/2022\/10\/bisherige-highlights-unserer-reisen-miles-around.jpg\" alt=\"Highlights of our travels so far - miles-around\" class=\"wp-image-17221\" title=\"\" srcset=\"https:\/\/www.miles-around.de\/wp-content\/uploads\/2022\/10\/bisherige-highlights-unserer-reisen-miles-around.jpg 2000w, https:\/\/www.miles-around.de\/wp-content\/uploads\/2022\/10\/bisherige-highlights-unserer-reisen-miles-around-1024x1024.jpg 1024w, https:\/\/www.miles-around.de\/wp-content\/uploads\/2022\/10\/bisherige-highlights-unserer-reisen-miles-around-300x300.jpg 300w, https:\/\/www.miles-around.de\/wp-content\/uploads\/2022\/10\/bisherige-highlights-unserer-reisen-miles-around-1536x1536.jpg 1536w, https:\/\/www.miles-around.de\/wp-content\/uploads\/2022\/10\/bisherige-highlights-unserer-reisen-miles-around-65x65.jpg 65w, https:\/\/www.miles-around.de\/wp-content\/uploads\/2022\/10\/bisherige-highlights-unserer-reisen-miles-around-600x600.jpg 600w\" sizes=\"auto, (max-width: 2000px) 100vw, 2000px\" \/><figcaption class=\"wp-element-caption\">Highlights of our travels so far \u2013 miles-around<\/figcaption><\/figure>\n<\/div>\n<\/div>\n\n\n\n<h2 class=\"wp-block-heading\">Who writes on miles-around?<\/h2>\n\n\n\n<h3 class=\"wp-block-heading\">Christin<\/h3>\n\n\n<div class=\"wp-block-image\">\n<figure class=\"aligncenter size-full is-resized\"><img decoding=\"async\" src=\"https:\/\/www.miles-around.de\/wp-content\/uploads\/2022\/11\/christin.jpeg\" alt=\"Christin\" class=\"wp-image-17425\" width=\"1024\" title=\"\" srcset=\"https:\/\/www.miles-around.de\/wp-content\/uploads\/2022\/11\/christin.jpeg 2048w, https:\/\/www.miles-around.de\/wp-content\/uploads\/2022\/11\/christin-1024x683.jpeg 1024w, https:\/\/www.miles-around.de\/wp-content\/uploads\/2022\/11\/christin-1536x1025.jpeg 1536w, https:\/\/www.miles-around.de\/wp-content\/uploads\/2022\/11\/christin-1200x800.jpeg 1200w\" sizes=\"(max-width: 2048px) 100vw, 2048px\" \/><\/figure>\n<\/div>\n\n\n<p>Hello, I'm Christin and I grew up in enchanting Merseburg. While studying in Erfurt, I met my husband Christian and we moved to Halle together. Now we live with our little family back in my hometown. As an architect, I'm always interested in places with exciting history and magnificent architecture. I often travelled during my studies, but it was my husband who sparked my passion for travel. My motto is: \u2018The journey is the destination!\u2019 For us, a relaxing holiday begins at the airport... in the lounge. :-)<\/p>\n\n\n<div  class=\"ultp-post-grid-block wp-block-ultimate-post-post-grid-2 ultp-block-d05926\"><div class=\"ultp-block-wrapper\"><div class=\"ultp-loading\"><div class=\"ultp-loading-blocks\" style=\"width:100%;height:100%;\"><div style=\"left: 0;top: 0;animation-delay:0s;\"><\/div><div style=\"left: 21px;top: 0;animation-delay:0.125s;\"><\/div><div style=\"left: 42px;top: 0;animation-delay:0.25s;\"><\/div><div style=\"left: 0;top: 21px;animation-delay:0.875s;\"><\/div><div style=\"left: 42px;top: 21px;animation-delay:0.375s;\"><\/div><div style=\"left: 0;top: 42px;animation-delay:0.75s;\"><\/div><div style=\"left: 42px;top: 42px;animation-delay:0.625s;\"><\/div><div style=\"left: 21px;top: 42px;animation-delay:0.5s;\"><\/div><\/div><\/div><div class=\"ultp-heading-filter\"><div class=\"ultp-heading-filter-in\"><div class=\"ultp-heading-wrap ultp-heading-style7 ultp-heading-left\"><h4 class=\"ultp-heading-inner\"><span>Christin's posts<\/span><\/h4><\/div><div class=\"ultp-filter-navigation\"><\/div><\/div><\/div><div class=\"ultp-block-items-wrap ultp-block-row\"><div class=\"ultp-block-item post-id-26017\"><div class=\"ultp-block-content-wrap ultp-block-content-overlay\"><div class=\"ultp-block-image ultp-block-image-zoomIn\"><a href=\"https:\/\/www.miles-around.de\/en\/reiseziele\/mittelamerika\/mexiko\/yucatan-mexiko-unsere-highlights-und-tipps-fuer-eine-unvergessliche-rundreise\/\" ><img decoding=\"async\" alt=\"Yucat\u00e1n, Mexico\" src=\"https:\/\/www.miles-around.de\/wp-content\/uploads\/2025\/10\/yucatan-mexiko-870x570.jpeg\" title=\"\"><\/a><div class=\"ultp-category-img-grid\"><div class=\"ultp-category-grid ultp-category-classic ultp-category-topRight\"><div class=\"ultp-category-in\"><a class=\"ultp-cat-mexiko\" href=\"https:\/\/www.miles-around.de\/en\/reiseziele\/mittelamerika\/mexiko\/\"  >Mexico<\/a><\/div><\/div><\/div><\/div><div class=\"ultp-block-content ultp-block-content-bottomPosition\"><div class=\"ultp-block-content-inner\"><h4 class=\"ultp-block-title\"><a href=\"https:\/\/www.miles-around.de\/en\/reiseziele\/mittelamerika\/mexiko\/yucatan-mexiko-unsere-highlights-und-tipps-fuer-eine-unvergessliche-rundreise\/\" >Yucat\u00e1n Mexico \u2013 our highlights and tips for an unforgettable tour<\/a><\/h4><\/div><\/div><\/div><\/div><div class=\"ultp-block-item post-id-23404\"><div class=\"ultp-block-content-wrap ultp-block-content-overlay\"><div class=\"ultp-block-image ultp-block-image-zoomIn\"><a href=\"https:\/\/www.miles-around.de\/en\/reiseziele\/afrika\/aegypten\/agypten-individuell-erkunden\/\" ><img decoding=\"async\" alt=\"Pyramids of Giza\" src=\"https:\/\/www.miles-around.de\/wp-content\/uploads\/2025\/03\/pyramiden-von-gizeh-870x570.jpeg\" title=\"\"><\/a><div class=\"ultp-category-img-grid\"><div class=\"ultp-category-grid ultp-category-classic ultp-category-topRight\"><div class=\"ultp-category-in\"><a class=\"ultp-cat-aegypten\" href=\"https:\/\/www.miles-around.de\/en\/reiseziele\/afrika\/aegypten\/\"  >Egypt<\/a><\/div><\/div><\/div><\/div><div class=\"ultp-block-content ultp-block-content-bottomPosition\"><div class=\"ultp-block-content-inner\"><h4 class=\"ultp-block-title\"><a href=\"https:\/\/www.miles-around.de\/en\/reiseziele\/afrika\/aegypten\/agypten-individuell-erkunden\/\" >Explore Egypt individually \u2013 Our experience at the Pyramids of Giza, Saqqara &amp; Co.<\/a><\/h4><\/div><\/div><\/div><\/div><div class=\"ultp-block-item post-id-22749\"><div class=\"ultp-block-content-wrap ultp-block-content-overlay\"><div class=\"ultp-block-image ultp-block-image-zoomIn\"><a href=\"https:\/\/www.miles-around.de\/en\/reiseziele\/europa\/estland\/estland-entdecken-highlights-wie-tallinns-altstadt-soomaa-nationalpark\/\" ><img decoding=\"async\" alt=\"Discover Estonia\" src=\"https:\/\/www.miles-around.de\/wp-content\/uploads\/2024\/09\/estland-entdecken-870x570.jpeg\" title=\"\"><\/a><div class=\"ultp-category-img-grid\"><div class=\"ultp-category-grid ultp-category-classic ultp-category-topRight\"><div class=\"ultp-category-in\"><a class=\"ultp-cat-estland\" href=\"https:\/\/www.miles-around.de\/en\/reiseziele\/europa\/estland\/\"  >Estonia<\/a><\/div><\/div><\/div><\/div><div class=\"ultp-block-content ultp-block-content-bottomPosition\"><div class=\"ultp-block-content-inner\"><h4 class=\"ultp-block-title\"><a href=\"https:\/\/www.miles-around.de\/en\/reiseziele\/europa\/estland\/estland-entdecken-highlights-wie-tallinns-altstadt-soomaa-nationalpark\/\" >Discover Estonia: Highlights such as Tallinn's Old Town &amp; Soomaa National Park<\/a><\/h4><\/div><\/div><\/div><\/div><\/div><div class=\"ultp-pagination-wrap ultp-pagination-ajax-action\" data-paged=\"1\" data-expost=\"\"  data-blockid=\"d05926\" data-postid=\"1165\" data-pages=\"19\" data-blockname=\"ultimate-post_post-grid-2\" data-selfpostid=\"no\"><ul class=\"ultp-pagination\"><li class=\"ultp-prev-page-numbers\" style=\"display:none\"><a href=\"https:\/\/www.miles-around.de\/en\/wp-json\/wp\/v2\/pages\/1165\/\"><svg xmlns=\"http:\/\/www.w3.org\/2000\/svg\" fill=\"none\" viewbox=\"0 0 24 24\">\n  <path stroke=\"currentColor\" stroke-linecap=\"round\" stroke-linejoin=\"round\" stroke-width=\"1.5\" d=\"m15 18-6-6 6-6\"\/>\n<\/svg>\n Previous<\/a><\/li><li class=\"ultp-first-pages\" style=\"display:none\" data-current=\"1\"><a href=\"https:\/\/www.miles-around.de\/en\/wp-json\/wp\/v2\/pages\/1165\/\">1<\/a><\/li><li class=\"ultp-first-dot\"style=\"display:none\"><a href=\"#\">\u2026<\/a><\/li><li class=\"ultp-center-item pagination-active\" data-current=\"1\"><a href=\"https:\/\/www.miles-around.de\/en\/wp-json\/wp\/v2\/pages\/1165\/\">1<\/a><\/li><li class=\"ultp-center-item\" data-current=\"2\" ><a href=\"https:\/\/www.miles-around.de\/en\/wp-json\/wp\/v2\/pages\/1165\/page\/2\/\">2<\/a><\/li><li class=\"ultp-center-item\" data-current=\"3\" ><a href=\"https:\/\/www.miles-around.de\/en\/wp-json\/wp\/v2\/pages\/1165\/page\/3\/\">3<\/a><\/li><li class=\"ultp-last-dot\" ><a href=\"#\">\u2026<\/a><\/li><li class=\"ultp-last-pages\" data-current=\"19\"><a href=\"https:\/\/www.miles-around.de\/en\/wp-json\/wp\/v2\/pages\/1165\/page\/19\/\">19<\/a><\/li><li class=\"ultp-next-page-numbers\"><a href=\"https:\/\/www.miles-around.de\/en\/wp-json\/wp\/v2\/pages\/1165\/page\/2\/\">Next<svg xmlns=\"http:\/\/www.w3.org\/2000\/svg\" fill=\"none\" viewbox=\"0 0 24 24\">\n  <path stroke=\"currentColor\" stroke-linecap=\"round\" stroke-linejoin=\"round\" stroke-width=\"1.5\" d=\"m9 18 6-6-6-6\"\/>\n<\/svg>\n<\/a><\/li><\/ul><\/div><\/div><div class=\"pagination-block-html\" aria-hidden=\"true\" style=\"display: none;\"><\/div><\/div>\n\n\n<div style=\"height:40px\" aria-hidden=\"true\" class=\"wp-block-spacer\"><\/div>\n\n\n\n<h3 class=\"wp-block-heading\">Christian<\/h3>\n\n\n<div class=\"wp-block-image\">\n<figure class=\"aligncenter size-medium\"><img loading=\"lazy\" decoding=\"async\" width=\"1024\" height=\"683\" src=\"https:\/\/www.miles-around.de\/wp-content\/uploads\/2022\/10\/christian-1024x683.jpeg\" alt=\"Christian\" class=\"wp-image-17297\" title=\"\" srcset=\"https:\/\/www.miles-around.de\/wp-content\/uploads\/2022\/10\/christian-1024x683.jpeg 1024w, https:\/\/www.miles-around.de\/wp-content\/uploads\/2022\/10\/christian-1536x1025.jpeg 1536w, https:\/\/www.miles-around.de\/wp-content\/uploads\/2022\/10\/christian-1200x800.jpeg 1200w, https:\/\/www.miles-around.de\/wp-content\/uploads\/2022\/10\/christian.jpeg 2048w\" sizes=\"auto, (max-width: 1024px) 100vw, 1024px\" \/><\/figure>\n<\/div>\n\n\n<p>My name is Christian and I was born in the green heart of Germany and studied computer engineering in Ilmenau, Thuringia. Since 2021, I have been living in Merseburg with my wife Christin and our son and working in Leipzig as a product manager. When travelling, I love flying, discovering good food and drink, and staying in great hotels. I am passionate about travel and always on the lookout for the next adventure. I have been writing about my experiences on the road since 2007.<\/p>\n\n\n<div  class=\"ultp-post-grid-block wp-block-ultimate-post-post-grid-2 ultp-block-2408ed\"><div class=\"ultp-block-wrapper\"><div class=\"ultp-loading\"><div class=\"ultp-loading-blocks\" style=\"width:100%;height:100%;\"><div style=\"left: 0;top: 0;animation-delay:0s;\"><\/div><div style=\"left: 21px;top: 0;animation-delay:0.125s;\"><\/div><div style=\"left: 42px;top: 0;animation-delay:0.25s;\"><\/div><div style=\"left: 0;top: 21px;animation-delay:0.875s;\"><\/div><div style=\"left: 42px;top: 21px;animation-delay:0.375s;\"><\/div><div style=\"left: 0;top: 42px;animation-delay:0.75s;\"><\/div><div style=\"left: 42px;top: 42px;animation-delay:0.625s;\"><\/div><div style=\"left: 21px;top: 42px;animation-delay:0.5s;\"><\/div><\/div><\/div><div class=\"ultp-heading-filter\"><div class=\"ultp-heading-filter-in\"><div class=\"ultp-heading-wrap ultp-heading-style7 ultp-heading-left\"><h4 class=\"ultp-heading-inner\"><span>Christian's posts<\/span><\/h4><\/div><div class=\"ultp-filter-navigation\"><\/div><\/div><\/div><div class=\"ultp-block-items-wrap ultp-block-row\"><div class=\"ultp-block-item post-id-27084\"><div class=\"ultp-block-content-wrap ultp-block-content-overlay\"><div class=\"ultp-block-image ultp-block-image-zoomIn\"><a href=\"https:\/\/www.miles-around.de\/en\/lounge-reviews\/marhaba-lounge-singapur-terminal-1\/\" ><img decoding=\"async\" alt=\"marhaba Lounge Singapore Terminal 1\" src=\"https:\/\/www.miles-around.de\/wp-content\/uploads\/2026\/03\/marhaba-lounge-singapur-terminal-1-870x570.jpeg\" title=\"\"><\/a><div class=\"ultp-category-img-grid\"><div class=\"ultp-category-grid ultp-category-classic ultp-category-topRight\"><div class=\"ultp-category-in\"><a class=\"ultp-cat-lounge-reviews\" href=\"https:\/\/www.miles-around.de\/en\/lounge-reviews\/\"  >Lounge reviews<\/a><\/div><\/div><\/div><\/div><div class=\"ultp-block-content ultp-block-content-bottomPosition\"><div class=\"ultp-block-content-inner\"><h4 class=\"ultp-block-title\"><a href=\"https:\/\/www.miles-around.de\/en\/lounge-reviews\/marhaba-lounge-singapur-terminal-1\/\" >marhaba Lounge Singapore Terminal 1<\/a><\/h4><\/div><\/div><\/div><\/div><div class=\"ultp-block-item post-id-27035\"><div class=\"ultp-block-content-wrap ultp-block-content-overlay\"><div class=\"ultp-block-image ultp-block-image-zoomIn\"><a href=\"https:\/\/www.miles-around.de\/en\/hotel-reviews\/crowne-plaza-changi-airport-singapur\/\" ><img decoding=\"async\" alt=\"Crowne Plaza Changi Airport Singapore\" src=\"https:\/\/www.miles-around.de\/wp-content\/uploads\/2026\/03\/crowne-plaza-changi-airport-singapur-870x570.jpeg\" title=\"\"><\/a><div class=\"ultp-category-img-grid\"><div class=\"ultp-category-grid ultp-category-classic ultp-category-topRight\"><div class=\"ultp-category-in\"><a class=\"ultp-cat-hotel-reviews\" href=\"https:\/\/www.miles-around.de\/en\/hotel-reviews\/\"  >Hotel reviews<\/a><\/div><\/div><\/div><\/div><div class=\"ultp-block-content ultp-block-content-bottomPosition\"><div class=\"ultp-block-content-inner\"><h4 class=\"ultp-block-title\"><a href=\"https:\/\/www.miles-around.de\/en\/hotel-reviews\/crowne-plaza-changi-airport-singapur\/\" >Crowne Plaza Changi Airport Singapore<\/a><\/h4><\/div><\/div><\/div><\/div><div class=\"ultp-block-item post-id-26605\"><div class=\"ultp-block-content-wrap ultp-block-content-overlay\"><div class=\"ultp-block-image ultp-block-image-zoomIn\"><a href=\"https:\/\/www.miles-around.de\/en\/hotel-reviews\/conrad-singapore-orchard\/\" ><img decoding=\"async\" alt=\"Conrad Singapore Orchard\" src=\"https:\/\/www.miles-around.de\/wp-content\/uploads\/2026\/02\/conrad-singapore-orchard-870x570.jpeg\" title=\"\"><\/a><div class=\"ultp-category-img-grid\"><div class=\"ultp-category-grid ultp-category-classic ultp-category-topRight\"><div class=\"ultp-category-in\"><a class=\"ultp-cat-hotel-reviews\" href=\"https:\/\/www.miles-around.de\/en\/hotel-reviews\/\"  >Hotel reviews<\/a><\/div><\/div><\/div><\/div><div class=\"ultp-block-content ultp-block-content-bottomPosition\"><div class=\"ultp-block-content-inner\"><h4 class=\"ultp-block-title\"><a href=\"https:\/\/www.miles-around.de\/en\/hotel-reviews\/conrad-singapore-orchard\/\" >Conrad Singapore Orchard<\/a><\/h4><\/div><\/div><\/div><\/div><\/div><div class=\"ultp-pagination-wrap ultp-pagination-ajax-action\" data-paged=\"1\" data-expost=\"\"  data-blockid=\"2408ed\" data-postid=\"1165\" data-pages=\"84\" data-blockname=\"ultimate-post_post-grid-2\" data-selfpostid=\"no\"><ul class=\"ultp-pagination\"><li class=\"ultp-prev-page-numbers\" style=\"display:none\"><a href=\"https:\/\/www.miles-around.de\/en\/wp-json\/wp\/v2\/pages\/1165\/\"><svg xmlns=\"http:\/\/www.w3.org\/2000\/svg\" fill=\"none\" viewbox=\"0 0 24 24\">\n  <path stroke=\"currentColor\" stroke-linecap=\"round\" stroke-linejoin=\"round\" stroke-width=\"1.5\" d=\"m15 18-6-6 6-6\"\/>\n<\/svg>\n Previous<\/a><\/li><li class=\"ultp-first-pages\" style=\"display:none\" data-current=\"1\"><a href=\"https:\/\/www.miles-around.de\/en\/wp-json\/wp\/v2\/pages\/1165\/\">1<\/a><\/li><li class=\"ultp-first-dot\"style=\"display:none\"><a href=\"#\">\u2026<\/a><\/li><li class=\"ultp-center-item pagination-active\" data-current=\"1\"><a href=\"https:\/\/www.miles-around.de\/en\/wp-json\/wp\/v2\/pages\/1165\/\">1<\/a><\/li><li class=\"ultp-center-item\" data-current=\"2\" ><a href=\"https:\/\/www.miles-around.de\/en\/wp-json\/wp\/v2\/pages\/1165\/page\/2\/\">2<\/a><\/li><li class=\"ultp-center-item\" data-current=\"3\" ><a href=\"https:\/\/www.miles-around.de\/en\/wp-json\/wp\/v2\/pages\/1165\/page\/3\/\">3<\/a><\/li><li class=\"ultp-last-dot\" ><a href=\"#\">\u2026<\/a><\/li><li class=\"ultp-last-pages\" data-current=\"84\"><a href=\"https:\/\/www.miles-around.de\/en\/wp-json\/wp\/v2\/pages\/1165\/page\/84\/\">84<\/a><\/li><li class=\"ultp-next-page-numbers\"><a href=\"https:\/\/www.miles-around.de\/en\/wp-json\/wp\/v2\/pages\/1165\/page\/2\/\">Next<svg xmlns=\"http:\/\/www.w3.org\/2000\/svg\" fill=\"none\" viewbox=\"0 0 24 24\">\n  <path stroke=\"currentColor\" stroke-linecap=\"round\" stroke-linejoin=\"round\" stroke-width=\"1.5\" d=\"m9 18 6-6-6-6\"\/>\n<\/svg>\n<\/a><\/li><\/ul><\/div><\/div><div class=\"pagination-block-html\" aria-hidden=\"true\" style=\"display: none;\"><\/div><\/div>\n\n\n<div style=\"height:40px\" aria-hidden=\"true\" class=\"wp-block-spacer\"><\/div>","protected":false},"excerpt":{"rendered":"<p>miles-around, Deutschlands Blog f\u00fcr Reiseberichte &#8211; Trip Reports &#8211; Hotel Reviews, wurde im Januar 2015 von den beiden Reiseliebhabern Christin und Christian gegr\u00fcndet. Im Mittelpunkt des Blogs stehen abwechslungsreiche Reiseerlebnisse f\u00fcr anspruchsvolle Paare, Trip-Reports aus der Welt der Fliegerei, Bewertungen von spannenden und luxuri\u00f6sen Hotelkonzepten, romantische St\u00e4dtetrips und Tipps f\u00fcr kulinarische Highlights. Wir m\u00f6chten unsere [&hellip;]<\/p>\n","protected":false},"author":1,"featured_media":0,"parent":0,"menu_order":0,"comment_status":"closed","ping_status":"open","template":"","meta":{"ocean_post_layout":"","ocean_both_sidebars_style":"","ocean_both_sidebars_content_width":0,"ocean_both_sidebars_sidebars_width":0,"ocean_sidebar":"0","ocean_second_sidebar":"0","ocean_disable_margins":"enable","ocean_add_body_class":"","ocean_shortcode_before_top_bar":"","ocean_shortcode_after_top_bar":"","ocean_shortcode_before_header":"","ocean_shortcode_after_header":"","ocean_has_shortcode":"","ocean_shortcode_after_title":"","ocean_shortcode_before_footer_widgets":"","ocean_shortcode_after_footer_widgets":"","ocean_shortcode_before_footer_bottom":"","ocean_shortcode_after_footer_bottom":"","ocean_display_top_bar":"default","ocean_display_header":"default","ocean_header_style":"","ocean_center_header_left_menu":"0","ocean_custom_header_template":"0","ocean_custom_logo":0,"ocean_custom_retina_logo":0,"ocean_custom_logo_max_width":0,"ocean_custom_logo_tablet_max_width":0,"ocean_custom_logo_mobile_max_width":0,"ocean_custom_logo_max_height":0,"ocean_custom_logo_tablet_max_height":0,"ocean_custom_logo_mobile_max_height":0,"ocean_header_custom_menu":"0","ocean_menu_typo_font_family":"0","ocean_menu_typo_font_subset":"","ocean_menu_typo_font_size":0,"ocean_menu_typo_font_size_tablet":0,"ocean_menu_typo_font_size_mobile":0,"ocean_menu_typo_font_size_unit":"px","ocean_menu_typo_font_weight":"","ocean_menu_typo_font_weight_tablet":"","ocean_menu_typo_font_weight_mobile":"","ocean_menu_typo_transform":"","ocean_menu_typo_transform_tablet":"","ocean_menu_typo_transform_mobile":"","ocean_menu_typo_line_height":0,"ocean_menu_typo_line_height_tablet":0,"ocean_menu_typo_line_height_mobile":0,"ocean_menu_typo_line_height_unit":"","ocean_menu_typo_spacing":0,"ocean_menu_typo_spacing_tablet":0,"ocean_menu_typo_spacing_mobile":0,"ocean_menu_typo_spacing_unit":"","ocean_menu_link_color":"","ocean_menu_link_color_hover":"","ocean_menu_link_color_active":"","ocean_menu_link_background":"","ocean_menu_link_hover_background":"","ocean_menu_link_active_background":"","ocean_menu_social_links_bg":"","ocean_menu_social_hover_links_bg":"","ocean_menu_social_links_color":"","ocean_menu_social_hover_links_color":"","ocean_disable_title":"default","ocean_disable_heading":"default","ocean_post_title":"","ocean_post_subheading":"","ocean_post_title_style":"","ocean_post_title_background_color":"","ocean_post_title_background":0,"ocean_post_title_bg_image_position":"","ocean_post_title_bg_image_attachment":"","ocean_post_title_bg_image_repeat":"","ocean_post_title_bg_image_size":"","ocean_post_title_height":0,"ocean_post_title_bg_overlay":0.5,"ocean_post_title_bg_overlay_color":"","ocean_disable_breadcrumbs":"default","ocean_breadcrumbs_color":"","ocean_breadcrumbs_separator_color":"","ocean_breadcrumbs_links_color":"","ocean_breadcrumbs_links_hover_color":"","ocean_display_footer_widgets":"default","ocean_display_footer_bottom":"default","ocean_custom_footer_template":"0","jetpack_post_was_ever_published":false,"footnotes":""},"class_list":["post-1165","page","type-page","status-publish","hentry","entry"],"jetpack_sharing_enabled":true,"amp_enabled":true,"_links":{"self":[{"href":"https:\/\/www.miles-around.de\/en\/wp-json\/wp\/v2\/pages\/1165","targetHints":{"allow":["GET"]}}],"collection":[{"href":"https:\/\/www.miles-around.de\/en\/wp-json\/wp\/v2\/pages"}],"about":[{"href":"https:\/\/www.miles-around.de\/en\/wp-json\/wp\/v2\/types\/page"}],"author":[{"embeddable":true,"href":"https:\/\/www.miles-around.de\/en\/wp-json\/wp\/v2\/users\/1"}],"replies":[{"embeddable":true,"href":"https:\/\/www.miles-around.de\/en\/wp-json\/wp\/v2\/comments?post=1165"}],"version-history":[{"count":0,"href":"https:\/\/www.miles-around.de\/en\/wp-json\/wp\/v2\/pages\/1165\/revisions"}],"wp:attachment":[{"href":"https:\/\/www.miles-around.de\/en\/wp-json\/wp\/v2\/media?parent=1165"}],"curies":[{"name":"wp","href":"https:\/\/api.w.org\/{rel}","templated":true}]}}